{"id":11,"date":"2016-03-30T08:43:58","date_gmt":"2016-03-30T07:43:58","guid":{"rendered":"https:\/\/www.wilmetgroup.be\/fr\/?page_id=11"},"modified":"2026-01-26T12:34:14","modified_gmt":"2026-01-26T11:34:14","slug":"equipe","status":"publish","type":"page","link":"https:\/\/www.wilmetgroup.be\/fr\/equipe\/","title":{"rendered":"Une \u00e9quipe passionn\u00e9e, un service de qualit\u00e9."},"content":{"rendered":"","protected":false},"excerpt":{"rendered":"","protected":false},"author":1,"featured_media":2822,"parent":0,"menu_order":54,"comment_status":"closed","ping_status":"closed","template":"my_templates\/equipe.php","meta":{"_acf_changed":false,"footnotes":""},"class_list":["post-11","page","type-page","status-publish","has-post-thumbnail","hentry"],"acf":[],"yoast_head":"<!-- This site is optimized with the Yoast SEO plugin v27.6 - https:\/\/yoast.com\/product\/yoast-seo-wordpress\/ -->\n<title>Une \u00e9quipe passionn\u00e9e, un service de qualit\u00e9. - Wilmet Group<\/title>\n<meta name=\"robots\" content=\"index, follow, max-snippet:-1, max-image-preview:large, max-video-preview:-1\" \/>\n<link rel=\"canonical\" href=\"https:\/\/www.wilmetgroup.be\/equipe\/\" \/>\n<meta property=\"og:locale\" content=\"fr_FR\" \/>\n<meta property=\"og:type\" content=\"article\" \/>\n<meta property=\"og:title\" content=\"Une \u00e9quipe passionn\u00e9e, un service de qualit\u00e9. - Wilmet Group\" \/>\n<meta property=\"og:url\" content=\"https:\/\/www.wilmetgroup.be\/equipe\/\" \/>\n<meta property=\"og:site_name\" content=\"Wilmet Group\" \/>\n<meta property=\"article:modified_time\" content=\"2026-01-26T11:34:14+00:00\" \/>\n<meta property=\"og:image\" content=\"https:\/\/www.wilmetgroup.be\/wp-content\/uploads\/2022\/07\/copper-1504098-1920.jpg\" \/>\n\t<meta property=\"og:image:width\" content=\"1920\" \/>\n\t<meta property=\"og:image:height\" content=\"1276\" \/>\n\t<meta property=\"og:image:type\" content=\"image\/jpeg\" \/>\n<meta name=\"twitter:card\" content=\"summary_large_image\" \/>\n<meta name=\"twitter:label1\" content=\"Dur\u00e9e de lecture estim\u00e9e\" \/>\n\t<meta name=\"twitter:data1\" content=\"1 minute\" \/>\n<script type=\"application\/ld+json\" class=\"yoast-schema-graph\">{\"@context\":\"https:\\\/\\\/schema.org\",\"@graph\":[{\"@type\":\"WebPage\",\"@id\":\"https:\\\/\\\/www.wilmetgroup.be\\\/equipe\\\/\",\"url\":\"https:\\\/\\\/www.wilmetgroup.be\\\/equipe\\\/\",\"name\":\"Une \u00e9quipe passionn\u00e9e, un service de qualit\u00e9. - Wilmet Group\",\"isPartOf\":{\"@id\":\"https:\\\/\\\/www.wilmetgroup.be\\\/en\\\/#website\"},\"primaryImageOfPage\":{\"@id\":\"https:\\\/\\\/www.wilmetgroup.be\\\/equipe\\\/#primaryimage\"},\"image\":{\"@id\":\"https:\\\/\\\/www.wilmetgroup.be\\\/equipe\\\/#primaryimage\"},\"thumbnailUrl\":\"\\\/wp-content\\\/uploads\\\/2022\\\/07\\\/copper-1504098-1920.jpg\",\"datePublished\":\"2016-03-30T07:43:58+00:00\",\"dateModified\":\"2026-01-26T11:34:14+00:00\",\"breadcrumb\":{\"@id\":\"https:\\\/\\\/www.wilmetgroup.be\\\/equipe\\\/#breadcrumb\"},\"inLanguage\":\"fr-FR\",\"potentialAction\":[{\"@type\":\"ReadAction\",\"target\":[\"https:\\\/\\\/www.wilmetgroup.be\\\/equipe\\\/\"]}]},{\"@type\":\"ImageObject\",\"inLanguage\":\"fr-FR\",\"@id\":\"https:\\\/\\\/www.wilmetgroup.be\\\/equipe\\\/#primaryimage\",\"url\":\"\\\/wp-content\\\/uploads\\\/2022\\\/07\\\/copper-1504098-1920.jpg\",\"contentUrl\":\"\\\/wp-content\\\/uploads\\\/2022\\\/07\\\/copper-1504098-1920.jpg\",\"width\":1920,\"height\":1276},{\"@type\":\"BreadcrumbList\",\"@id\":\"https:\\\/\\\/www.wilmetgroup.be\\\/equipe\\\/#breadcrumb\",\"itemListElement\":[{\"@type\":\"ListItem\",\"position\":1,\"name\":\"Accueil\",\"item\":\"https:\\\/\\\/www.wilmetgroup.be\\\/fr\\\/\"},{\"@type\":\"ListItem\",\"position\":2,\"name\":\"Une \u00e9quipe passionn\u00e9e, un service de qualit\u00e9.\"}]},{\"@type\":\"WebSite\",\"@id\":\"https:\\\/\\\/www.wilmetgroup.be\\\/en\\\/#website\",\"url\":\"https:\\\/\\\/www.wilmetgroup.be\\\/en\\\/\",\"name\":\"Wilmet Group\",\"description\":\"Local Recycling For A Cleaner World\",\"publisher\":{\"@id\":\"https:\\\/\\\/www.wilmetgroup.be\\\/en\\\/#organization\"},\"potentialAction\":[{\"@type\":\"SearchAction\",\"target\":{\"@type\":\"EntryPoint\",\"urlTemplate\":\"https:\\\/\\\/www.wilmetgroup.be\\\/en\\\/search\\\/{search_term_string}\"},\"query-input\":{\"@type\":\"PropertyValueSpecification\",\"valueRequired\":true,\"valueName\":\"search_term_string\"}}],\"inLanguage\":\"fr-FR\"},{\"@type\":\"Organization\",\"@id\":\"https:\\\/\\\/www.wilmetgroup.be\\\/en\\\/#organization\",\"name\":\"Wilmet Group\",\"url\":\"https:\\\/\\\/www.wilmetgroup.be\\\/en\\\/\",\"logo\":{\"@type\":\"ImageObject\",\"inLanguage\":\"fr-FR\",\"@id\":\"https:\\\/\\\/www.wilmetgroup.be\\\/en\\\/#\\\/schema\\\/logo\\\/image\\\/\",\"url\":\"\\\/wp-content\\\/uploads\\\/2016\\\/04\\\/cropped-logo-wilmet-group-1.png\",\"contentUrl\":\"\\\/wp-content\\\/uploads\\\/2016\\\/04\\\/cropped-logo-wilmet-group-1.png\",\"width\":139,\"height\":55,\"caption\":\"Wilmet Group\"},\"image\":{\"@id\":\"https:\\\/\\\/www.wilmetgroup.be\\\/en\\\/#\\\/schema\\\/logo\\\/image\\\/\"}}]}<\/script>\n<!-- \/ Yoast SEO plugin. -->","yoast_head_json":{"title":"Une \u00e9quipe passionn\u00e9e, un service de qualit\u00e9. - Wilmet Group","robots":{"index":"index","follow":"follow","max-snippet":"max-snippet:-1","max-image-preview":"max-image-preview:large","max-video-preview":"max-video-preview:-1"},"canonical":"https:\/\/www.wilmetgroup.be\/equipe\/","og_locale":"fr_FR","og_type":"article","og_title":"Une \u00e9quipe passionn\u00e9e, un service de qualit\u00e9. - Wilmet Group","og_url":"https:\/\/www.wilmetgroup.be\/equipe\/","og_site_name":"Wilmet Group","article_modified_time":"2026-01-26T11:34:14+00:00","og_image":[{"width":1920,"height":1276,"url":"https:\/\/www.wilmetgroup.be\/wp-content\/uploads\/2022\/07\/copper-1504098-1920.jpg","type":"image\/jpeg"}],"twitter_card":"summary_large_image","twitter_misc":{"Dur\u00e9e de lecture estim\u00e9e":"1 minute"},"schema":{"@context":"https:\/\/schema.org","@graph":[{"@type":"WebPage","@id":"https:\/\/www.wilmetgroup.be\/equipe\/","url":"https:\/\/www.wilmetgroup.be\/equipe\/","name":"Une \u00e9quipe passionn\u00e9e, un service de qualit\u00e9. - Wilmet Group","isPartOf":{"@id":"https:\/\/www.wilmetgroup.be\/en\/#website"},"primaryImageOfPage":{"@id":"https:\/\/www.wilmetgroup.be\/equipe\/#primaryimage"},"image":{"@id":"https:\/\/www.wilmetgroup.be\/equipe\/#primaryimage"},"thumbnailUrl":"\/wp-content\/uploads\/2022\/07\/copper-1504098-1920.jpg","datePublished":"2016-03-30T07:43:58+00:00","dateModified":"2026-01-26T11:34:14+00:00","breadcrumb":{"@id":"https:\/\/www.wilmetgroup.be\/equipe\/#breadcrumb"},"inLanguage":"fr-FR","potentialAction":[{"@type":"ReadAction","target":["https:\/\/www.wilmetgroup.be\/equipe\/"]}]},{"@type":"ImageObject","inLanguage":"fr-FR","@id":"https:\/\/www.wilmetgroup.be\/equipe\/#primaryimage","url":"\/wp-content\/uploads\/2022\/07\/copper-1504098-1920.jpg","contentUrl":"\/wp-content\/uploads\/2022\/07\/copper-1504098-1920.jpg","width":1920,"height":1276},{"@type":"BreadcrumbList","@id":"https:\/\/www.wilmetgroup.be\/equipe\/#breadcrumb","itemListElement":[{"@type":"ListItem","position":1,"name":"Accueil","item":"https:\/\/www.wilmetgroup.be\/fr\/"},{"@type":"ListItem","position":2,"name":"Une \u00e9quipe passionn\u00e9e, un service de qualit\u00e9."}]},{"@type":"WebSite","@id":"https:\/\/www.wilmetgroup.be\/en\/#website","url":"https:\/\/www.wilmetgroup.be\/en\/","name":"Wilmet Group","description":"Local Recycling For A Cleaner World","publisher":{"@id":"https:\/\/www.wilmetgroup.be\/en\/#organization"},"potentialAction":[{"@type":"SearchAction","target":{"@type":"EntryPoint","urlTemplate":"https:\/\/www.wilmetgroup.be\/en\/search\/{search_term_string}"},"query-input":{"@type":"PropertyValueSpecification","valueRequired":true,"valueName":"search_term_string"}}],"inLanguage":"fr-FR"},{"@type":"Organization","@id":"https:\/\/www.wilmetgroup.be\/en\/#organization","name":"Wilmet Group","url":"https:\/\/www.wilmetgroup.be\/en\/","logo":{"@type":"ImageObject","inLanguage":"fr-FR","@id":"https:\/\/www.wilmetgroup.be\/en\/#\/schema\/logo\/image\/","url":"\/wp-content\/uploads\/2016\/04\/cropped-logo-wilmet-group-1.png","contentUrl":"\/wp-content\/uploads\/2016\/04\/cropped-logo-wilmet-group-1.png","width":139,"height":55,"caption":"Wilmet Group"},"image":{"@id":"https:\/\/www.wilmetgroup.be\/en\/#\/schema\/logo\/image\/"}}]}},"_links":{"self":[{"href":"https:\/\/www.wilmetgroup.be\/fr\/wp-json\/wp\/v2\/pages\/11","targetHints":{"allow":["GET"]}}],"collection":[{"href":"https:\/\/www.wilmetgroup.be\/fr\/wp-json\/wp\/v2\/pages"}],"about":[{"href":"https:\/\/www.wilmetgroup.be\/fr\/wp-json\/wp\/v2\/types\/page"}],"author":[{"embeddable":true,"href":"https:\/\/www.wilmetgroup.be\/fr\/wp-json\/wp\/v2\/users\/1"}],"replies":[{"embeddable":true,"href":"https:\/\/www.wilmetgroup.be\/fr\/wp-json\/wp\/v2\/comments?post=11"}],"version-history":[{"count":26,"href":"https:\/\/www.wilmetgroup.be\/fr\/wp-json\/wp\/v2\/pages\/11\/revisions"}],"predecessor-version":[{"id":3136,"href":"https:\/\/www.wilmetgroup.be\/fr\/wp-json\/wp\/v2\/pages\/11\/revisions\/3136"}],"wp:featuredmedia":[{"embeddable":true,"href":"https:\/\/www.wilmetgroup.be\/fr\/wp-json\/wp\/v2\/media\/2822"}],"wp:attachment":[{"href":"https:\/\/www.wilmetgroup.be\/fr\/wp-json\/wp\/v2\/media?parent=11"}],"curies":[{"name":"wp","href":"https:\/\/api.w.org\/{rel}","templated":true}]}}