{"id":1873,"date":"2018-11-22T08:20:22","date_gmt":"2018-11-22T07:20:22","guid":{"rendered":"https:\/\/www.wilmetgroup.be\/?page_id=1873"},"modified":"2018-11-22T08:20:22","modified_gmt":"2018-11-22T07:20:22","slug":"conditions-dacces-et-informations-juridiques","status":"publish","type":"page","link":"https:\/\/www.wilmetgroup.be\/fr\/conditions-dacces-et-informations-juridiques\/","title":{"rendered":"Conditions d\u2019acc\u00e8s et informations juridiques"},"content":{"rendered":"<h2>Contenu et conditions g\u00e9n\u00e9rales d\u2019acc\u00e8s<\/h2>\n<p>Vous visitez actuellement les site Internet de SoHoW S.A. \u2013 Groupe Wilmet<\/p>\n<p><strong>Si vous visitez ce site, vous vous engagez \u00e0 respecter les pr\u00e9sentes conditions d\u2019utilisation.<\/strong><\/p>\n<p>Ces sites contiennent principalement des informations \u00e9conomiques sur l\u2019entreprise ainsi que des informations sur ses services et produits, y compris des informations \u00e0 caract\u00e8re publicitaire.<\/p>\n<p>Les informations disponibles sur ce site vous sont fournies \u00e0 titre gratuit et ne constituent nullement une offre de service financiers, logistiques ou quelconques offres de prix \u00e0 l\u2019exception des offres qui font l\u2019objet d\u2019une publication explicite dans ce sens et qui sont accompagn\u00e9es de toute l\u2019information requise par la loi. <strong>Nos\u00a0produits et services s\u2019adressent uniquement aux visiteurs domicili\u00e9s en Belgique.<\/strong><\/p>\n<p>Wilmet Groupe met tout en \u0153uvre afin de contr\u00f4ler et de mettre \u00e0 jour les informations et le mat\u00e9riel fournis sur ces sites. Toutefois Wilmet Groupe ne peut en garantir le caract\u00e8re exact, complet, ad\u00e9quat ou intemporel. Wilmet Groupe n\u2019assume d\u00e8s lors aucune responsabilit\u00e9 quant \u00e0 ces informations et mat\u00e9riel.<\/p>\n<p>Wilmet Groupe se r\u00e9serve le droit de modifier son site web et son contenu.<\/p>\n<p>Wilmet Groupe ne peut encourir aucune responsabilit\u00e9, contractuelle ou non, pour quelque motif que ce soit, des \u00e9ventuels dommages encourus en raison de l\u2019acc\u00e8s, de l\u2019usage fautif ou de l\u2019utilisation de ces sites web, sauf cas de dol ou faute dans son chef.<\/p>\n<p>Ce site web peut contenir \u00e9galement des liens vers d\u2019autres sites web publi\u00e9s par des tiers ou la possibilit\u00e9 de t\u00e9l\u00e9charger des logiciels et ce dans un pur souci de commodit\u00e9 pour l\u2019internaute. Wilmet Groupe ne garantit aucunement le contenu de ces sites, ni leur acc\u00e8s ou la validit\u00e9 du lien. En aucun cas Wilmet Groupe ne peut \u00eatre tenue responsable des dommages directs ou indirects r\u00e9sultant de l\u2019utilisation de ces liens ou logiciels.<\/p>\n<p>Si nous d\u00e9tectons un risque de s\u00e9curit\u00e9, nous nous r\u00e9servons le droit d\u2019interrompre \u00e0 tout moment nos services jusqu\u2019\u00e0 \u00e9limination de ce risque. Wilmet Groupe n\u2019encourt aucune responsabilit\u00e9 pour les infractions ou fraudes informatiques dont se rendent coupables des tiers, qu\u2019elles qu\u2019en soient les cons\u00e9quences dommageables ; de m\u00eame en cas de virus informatique ou tout autre \u00e9v\u00e8nement de force majeure.<\/p>\n<p>Ces conditions d\u2019utilisation peuvent \u00eatre modifi\u00e9es par Wilmet Groupe. Nous vous conseillons de les consulter r\u00e9guli\u00e8rement.<\/p>\n<h2>Editeurs<\/h2>\n<p>L\u2019\u00e9diteur responsable de ces sites web est :<\/p>\n<p>SoHoW S.A.<br \/>\n63, chemin de la vieille Sambre<br \/>\n5020 Namur<br \/>\nT\u00e9l. : 081 55 97 90<br \/>\nFax : 081 30 73 68<br \/>\nWeb site:\u00a0www.sohow.be<br \/>\nE-mail:\u00a0info@sohow.be<br \/>\nTVA BE 0842.064.819<\/p>\n<h2>Propri\u00e9t\u00e9 intellectuelle<\/h2>\n<p>Tous les droits intellectuels relatifs aux sites, \u00e0 leur contenu, leur forme et aux informations, marques et logos pr\u00e9sents sur les sites, appartiennent \u00e0 SoHoW S.A. et aux soci\u00e9t\u00e9s du groupe Wilmet.<\/p>\n<p>L\u2019acc\u00e8s au site web du Groupe Wilmet ne constitue nullement un transfert des droits intellectuels.<\/p>\n<p>Il est interdit de copier, reproduire, republier, poster, t\u00e9l\u00e9charger ou distribuer tout ou partie du site et des informations qui s\u2019y trouvent sauf autorisation expresse de SoHoW ou pour votre usage strictement personnel et \u00e0 des fins non commerciales.<\/p>\n<h2>Protection de la vie priv\u00e9e et confidentialit\u00e9<\/h2>\n<p>SoHoW S.A.\u00a0est responsable du traitement des donn\u00e9es \u00e0 caract\u00e8re personnel qui sont collect\u00e9es via ce site web.<\/p>\n<p>En tant que visiteur de ce site web, vous acceptez que vos donn\u00e9es fassent l&rsquo;objet d&rsquo;un traitement par Wilmet Groupe ou ses filiales (Wilmet SA \u2013 Sametal SA \u2013 GRSE NV \u2013 Duvigneaud-Wilmet SA), puisse \u00eatre communiqu\u00e9es aux entreprises faisant partie du groupe Wilmet \u00e0 des fins de promotion commerciale.<\/p>\n<p>Des mesures ont \u00e9t\u00e9 prises pour garantir la confidentialit\u00e9 et la s\u00e9curisation de vos donn\u00e9es et pour les prot\u00e9ger contre la perte, l&rsquo;usage abusif ou l&rsquo;alt\u00e9ration. L\u2019acc\u00e8s aux donn\u00e9es personnelles vous concernant est limit\u00e9 aux personnes qui en ont besoin dans le cadre de l\u2019exercice de leurs fonctions.<\/p>\n<p>Vous avez le droit d&rsquo;acc\u00e8s aux donn\u00e9es personnelles vous concernant et d\u2019exiger qu\u2019elles soient rectifi\u00e9es. Pour exercer ces droits, vous pouvez envoyer une demande \u00e9crite \u00e0 l&rsquo;adresse ci-dessous, en y annexant une photocopie de votre carte d&rsquo;identit\u00e9 :<\/p>\n<p>Monsieur\u00a0Abras Geoffrey<br \/>\nSoHoW S.A. \u2013 Groupe Wilmet<br \/>\n63, Chemin de la Vieille Sambre<br \/>\n5020 Namur<br \/>\nVous pouvez \u00e9galement vous opposer gratuitement \u00e0 leur utilisation \u00e0 des fins de promotion commerciale. Pour exercer ce droit, vous pouvez envoyer une lettre ou envoyer un mail \u00e0 :\u00a0info@sohow.be en mentionnant vos coordonn\u00e9es et la raison de votre courriel.<\/p>\n<h2>Utilisation des cookies<\/h2>\n<p>Wilmet Groupe se r\u00e9serve le droit d\u2019utiliser des cookies lors de votre visite sur son site web. Ces cookies ont pour but unique de vous identifier lors de visites ult\u00e9rieures sur les sites de Wilmet Groupe et de sauvegarder vos pr\u00e9f\u00e9rences. En aucun cas, Wilmet Groupe n&rsquo;utilise de cookies pour des actions commerciales ou de marketing direct.<\/p>\n<h3>Types de cookies utilis\u00e9s<\/h3>\n<p>Un cookie est un petit fichier texte stock\u00e9 sur votre ordinateur ou appareil mobile lorsque vous acc\u00e9dez \u00e0 un site Web. Ce fichier permet au site Web qui l\u2019a \u00e9mis de se souvenir de vos pr\u00e9f\u00e9rences de navigation.<\/p>\n<p>Nous utilisons deux types de cookies sur les sites sohow.be, \u00e0 savoir :<\/p>\n<p>&#8211;\u00a0Les cookies permettant de se souvenir de vos pr\u00e9f\u00e9rences de navigation telles que la langue dans laquelle vous avez consult\u00e9 notre site lors de votre derni\u00e8re visite. Ce premier type de cookie n\u2019est actif que lorsque vous visitez les sites sohow.be et est supprim\u00e9 d\u00e8s fermeture de votre navigateur Internet. Il s\u2019agit de cookies de session.<br \/>\n&#8211;\u00a0Les cookies permettant de m\u00e9moriser les informations relatives \u00e0 vos donn\u00e9es signal\u00e9tiques pour une utilisation lors d\u2019une visite ult\u00e9rieure de notre site. Ils permettent entre autres de vous garantir un confort de navigation optimum, notamment via le pr\u00e9-remplissage des formulaires, et de vous afficher des informations et offres personnalis\u00e9es. Ces cookies, appel\u00e9s cookies persistants, restent sur votre appareil jusqu\u2019\u00e0 leur expiration ou jusqu\u2019\u00e0 leur suppression.<br \/>\nComment d\u00e9sactiver les cookies ?<\/p>\n<p>En d\u00e9sactivant les cookies, il est possible que certaines sections du site sohow.be ne fonctionnent pas correctement.<\/p>\n<p>Vous avez la possibilit\u00e9 de d\u00e9sactiver \u00e0 tout moment le stockage des cookies sur votre ordinateur ou appareil mobile en modifiant les param\u00e8tres de confidentialit\u00e9 de votre navigateur Internet. Voici un aper\u00e7u de la proc\u00e9dure \u00e0 suivre sur les navigateurs Internet les plus courants :<\/p>\n<p>&#8211;\u00a0Internet Explorer : s\u00e9lectionnez l\u2019option de menu \u2018outils\u2019 puis \u2018Supprimer l\u2019historique de navigation\u2019 et cochez la case \u2018Cookies\u2019. Pour automatiser ce param\u00e8tre, s\u00e9lectionnez l\u2019option de menu \u2018Options Internet\u2019 et cochez la case \u2018Supprimer l\u2019historique de navigation en quittant le navigateur\u2019 sous l\u2019onglet \u2018G\u00e9n\u00e9ral\u2019.<\/p>\n<p>&#8211;\u00a0Mozilla Firefox : s\u00e9lectionnez l\u2019option de menu \u2018outils\u2019 puis \u2018Supprimer l\u2019historique r\u00e9cent\u2019 et cochez la case \u2018Cookies\u2019. Pour automatiser ce param\u00e8tre, s\u00e9lectionnez l\u2019option de menu \u2018Options\u2019 et activez l\u2019option de menu d\u00e9roulant \u2018ne jamais conserver l\u2019historique\u2019 sous l\u2019onglet \u2018Vie priv\u00e9e\u2019.<\/p>\n<p>&#8211;\u00a0Google Chrome : s\u00e9lectionnez l\u2019option de menu \u2018param\u00e8tres\u2019 puis \u2018confidentialit\u00e9\u2019 et cochez la case \u2018bloquer les cookies et les donn\u00e9es de site tiers\u2019.<br \/>\n&#8211;\u00a0Safari : s\u00e9lectionnez l\u2019option de menu \u2018pr\u00e9f\u00e9rences\u2019 puis \u2018confidentialit\u00e9\u2019 et cochez la case \u2018Toujours\u2019 de la section \u2018bloquer les cookies\u2019.<\/p>\n<p>Consultez la rubrique d\u2019aide de votre navigateur Internet pour plus de pr\u00e9cisions quant \u00e0 la suppression des cookies.<\/p>\n<h3>Limite de responsabilit\u00e9<\/h3>\n<p>La responsabilit\u00e9 de SoHoW est limit\u00e9e aux cookies \u00e9mis par les sites sohow.be et n\u2019est en aucun cas d\u2019application pour les cookies plac\u00e9s par des sites Web tiers. \u00bb<\/p>\n<h2>Droit applicable et juridiction comp\u00e9tente<\/h2>\n<p>L\u2019acc\u00e8s au site web ainsi que son utilisation et les pr\u00e9sentes conditions d\u2019utilisation sont soumises au droit belge.<\/p>\n<p>Les Cours et Tribunaux belges sont seuls comp\u00e9tents pour tout litige relatif au site, \u00e0 son contenu ou son utilisation.<\/p>\n","protected":false},"excerpt":{"rendered":"<p>Contenu et conditions &hellip; <a href=\"https:\/\/www.wilmetgroup.be\/fr\/conditions-dacces-et-informations-juridiques\/\">En savoir plus<\/a><\/p>\n","protected":false},"author":1,"featured_media":0,"parent":0,"menu_order":3,"comment_status":"closed","ping_status":"closed","template":"","meta":{"_acf_changed":false,"footnotes":""},"class_list":["post-1873","page","type-page","status-publish","hentry"],"acf":[],"yoast_head":"<!-- This site is optimized with the Yoast SEO plugin v27.4 - https:\/\/yoast.com\/product\/yoast-seo-wordpress\/ -->\n<title>Conditions d\u2019acc\u00e8s et informations juridiques - Wilmet Group<\/title>\n<meta name=\"robots\" content=\"index, follow, max-snippet:-1, max-image-preview:large, max-video-preview:-1\" \/>\n<link rel=\"canonical\" href=\"https:\/\/www.wilmetgroup.be\/fr\/conditions-dacces-et-informations-juridiques\/\" \/>\n<meta property=\"og:locale\" content=\"fr_FR\" \/>\n<meta property=\"og:type\" content=\"article\" \/>\n<meta property=\"og:title\" content=\"Conditions d\u2019acc\u00e8s et informations juridiques - Wilmet Group\" \/>\n<meta property=\"og:description\" content=\"Contenu et conditions &hellip; En savoir plus\" \/>\n<meta property=\"og:url\" content=\"https:\/\/www.wilmetgroup.be\/fr\/conditions-dacces-et-informations-juridiques\/\" \/>\n<meta property=\"og:site_name\" content=\"Wilmet Group\" \/>\n<meta name=\"twitter:card\" content=\"summary_large_image\" \/>\n<meta name=\"twitter:label1\" content=\"Dur\u00e9e de lecture estim\u00e9e\" \/>\n\t<meta name=\"twitter:data1\" content=\"7 minutes\" \/>\n<script type=\"application\/ld+json\" class=\"yoast-schema-graph\">{\"@context\":\"https:\\\/\\\/schema.org\",\"@graph\":[{\"@type\":\"WebPage\",\"@id\":\"https:\\\/\\\/www.wilmetgroup.be\\\/fr\\\/conditions-dacces-et-informations-juridiques\\\/\",\"url\":\"https:\\\/\\\/www.wilmetgroup.be\\\/fr\\\/conditions-dacces-et-informations-juridiques\\\/\",\"name\":\"Conditions d\u2019acc\u00e8s et informations juridiques - Wilmet Group\",\"isPartOf\":{\"@id\":\"https:\\\/\\\/www.wilmetgroup.be\\\/en\\\/#website\"},\"datePublished\":\"2018-11-22T07:20:22+00:00\",\"breadcrumb\":{\"@id\":\"https:\\\/\\\/www.wilmetgroup.be\\\/fr\\\/conditions-dacces-et-informations-juridiques\\\/#breadcrumb\"},\"inLanguage\":\"fr-FR\",\"potentialAction\":[{\"@type\":\"ReadAction\",\"target\":[\"https:\\\/\\\/www.wilmetgroup.be\\\/fr\\\/conditions-dacces-et-informations-juridiques\\\/\"]}]},{\"@type\":\"BreadcrumbList\",\"@id\":\"https:\\\/\\\/www.wilmetgroup.be\\\/fr\\\/conditions-dacces-et-informations-juridiques\\\/#breadcrumb\",\"itemListElement\":[{\"@type\":\"ListItem\",\"position\":1,\"name\":\"Accueil\",\"item\":\"https:\\\/\\\/www.wilmetgroup.be\\\/fr\\\/\"},{\"@type\":\"ListItem\",\"position\":2,\"name\":\"Conditions d\u2019acc\u00e8s et informations juridiques\"}]},{\"@type\":\"WebSite\",\"@id\":\"https:\\\/\\\/www.wilmetgroup.be\\\/en\\\/#website\",\"url\":\"https:\\\/\\\/www.wilmetgroup.be\\\/en\\\/\",\"name\":\"Wilmet Group\",\"description\":\"Local Recycling For A Cleaner World\",\"publisher\":{\"@id\":\"https:\\\/\\\/www.wilmetgroup.be\\\/en\\\/#organization\"},\"potentialAction\":[{\"@type\":\"SearchAction\",\"target\":{\"@type\":\"EntryPoint\",\"urlTemplate\":\"https:\\\/\\\/www.wilmetgroup.be\\\/en\\\/search\\\/{search_term_string}\"},\"query-input\":{\"@type\":\"PropertyValueSpecification\",\"valueRequired\":true,\"valueName\":\"search_term_string\"}}],\"inLanguage\":\"fr-FR\"},{\"@type\":\"Organization\",\"@id\":\"https:\\\/\\\/www.wilmetgroup.be\\\/en\\\/#organization\",\"name\":\"Wilmet Group\",\"url\":\"https:\\\/\\\/www.wilmetgroup.be\\\/en\\\/\",\"logo\":{\"@type\":\"ImageObject\",\"inLanguage\":\"fr-FR\",\"@id\":\"https:\\\/\\\/www.wilmetgroup.be\\\/en\\\/#\\\/schema\\\/logo\\\/image\\\/\",\"url\":\"\\\/wp-content\\\/uploads\\\/2016\\\/04\\\/cropped-logo-wilmet-group-1.png\",\"contentUrl\":\"\\\/wp-content\\\/uploads\\\/2016\\\/04\\\/cropped-logo-wilmet-group-1.png\",\"width\":139,\"height\":55,\"caption\":\"Wilmet Group\"},\"image\":{\"@id\":\"https:\\\/\\\/www.wilmetgroup.be\\\/en\\\/#\\\/schema\\\/logo\\\/image\\\/\"}}]}<\/script>\n<!-- \/ Yoast SEO plugin. -->","yoast_head_json":{"title":"Conditions d\u2019acc\u00e8s et informations juridiques - Wilmet Group","robots":{"index":"index","follow":"follow","max-snippet":"max-snippet:-1","max-image-preview":"max-image-preview:large","max-video-preview":"max-video-preview:-1"},"canonical":"https:\/\/www.wilmetgroup.be\/fr\/conditions-dacces-et-informations-juridiques\/","og_locale":"fr_FR","og_type":"article","og_title":"Conditions d\u2019acc\u00e8s et informations juridiques - Wilmet Group","og_description":"Contenu et conditions &hellip; En savoir plus","og_url":"https:\/\/www.wilmetgroup.be\/fr\/conditions-dacces-et-informations-juridiques\/","og_site_name":"Wilmet Group","twitter_card":"summary_large_image","twitter_misc":{"Dur\u00e9e de lecture estim\u00e9e":"7 minutes"},"schema":{"@context":"https:\/\/schema.org","@graph":[{"@type":"WebPage","@id":"https:\/\/www.wilmetgroup.be\/fr\/conditions-dacces-et-informations-juridiques\/","url":"https:\/\/www.wilmetgroup.be\/fr\/conditions-dacces-et-informations-juridiques\/","name":"Conditions d\u2019acc\u00e8s et informations juridiques - Wilmet Group","isPartOf":{"@id":"https:\/\/www.wilmetgroup.be\/en\/#website"},"datePublished":"2018-11-22T07:20:22+00:00","breadcrumb":{"@id":"https:\/\/www.wilmetgroup.be\/fr\/conditions-dacces-et-informations-juridiques\/#breadcrumb"},"inLanguage":"fr-FR","potentialAction":[{"@type":"ReadAction","target":["https:\/\/www.wilmetgroup.be\/fr\/conditions-dacces-et-informations-juridiques\/"]}]},{"@type":"BreadcrumbList","@id":"https:\/\/www.wilmetgroup.be\/fr\/conditions-dacces-et-informations-juridiques\/#breadcrumb","itemListElement":[{"@type":"ListItem","position":1,"name":"Accueil","item":"https:\/\/www.wilmetgroup.be\/fr\/"},{"@type":"ListItem","position":2,"name":"Conditions d\u2019acc\u00e8s et informations juridiques"}]},{"@type":"WebSite","@id":"https:\/\/www.wilmetgroup.be\/en\/#website","url":"https:\/\/www.wilmetgroup.be\/en\/","name":"Wilmet Group","description":"Local Recycling For A Cleaner World","publisher":{"@id":"https:\/\/www.wilmetgroup.be\/en\/#organization"},"potentialAction":[{"@type":"SearchAction","target":{"@type":"EntryPoint","urlTemplate":"https:\/\/www.wilmetgroup.be\/en\/search\/{search_term_string}"},"query-input":{"@type":"PropertyValueSpecification","valueRequired":true,"valueName":"search_term_string"}}],"inLanguage":"fr-FR"},{"@type":"Organization","@id":"https:\/\/www.wilmetgroup.be\/en\/#organization","name":"Wilmet Group","url":"https:\/\/www.wilmetgroup.be\/en\/","logo":{"@type":"ImageObject","inLanguage":"fr-FR","@id":"https:\/\/www.wilmetgroup.be\/en\/#\/schema\/logo\/image\/","url":"\/wp-content\/uploads\/2016\/04\/cropped-logo-wilmet-group-1.png","contentUrl":"\/wp-content\/uploads\/2016\/04\/cropped-logo-wilmet-group-1.png","width":139,"height":55,"caption":"Wilmet Group"},"image":{"@id":"https:\/\/www.wilmetgroup.be\/en\/#\/schema\/logo\/image\/"}}]}},"_links":{"self":[{"href":"https:\/\/www.wilmetgroup.be\/fr\/wp-json\/wp\/v2\/pages\/1873","targetHints":{"allow":["GET"]}}],"collection":[{"href":"https:\/\/www.wilmetgroup.be\/fr\/wp-json\/wp\/v2\/pages"}],"about":[{"href":"https:\/\/www.wilmetgroup.be\/fr\/wp-json\/wp\/v2\/types\/page"}],"author":[{"embeddable":true,"href":"https:\/\/www.wilmetgroup.be\/fr\/wp-json\/wp\/v2\/users\/1"}],"replies":[{"embeddable":true,"href":"https:\/\/www.wilmetgroup.be\/fr\/wp-json\/wp\/v2\/comments?post=1873"}],"version-history":[{"count":1,"href":"https:\/\/www.wilmetgroup.be\/fr\/wp-json\/wp\/v2\/pages\/1873\/revisions"}],"predecessor-version":[{"id":1874,"href":"https:\/\/www.wilmetgroup.be\/fr\/wp-json\/wp\/v2\/pages\/1873\/revisions\/1874"}],"wp:attachment":[{"href":"https:\/\/www.wilmetgroup.be\/fr\/wp-json\/wp\/v2\/media?parent=1873"}],"curies":[{"name":"wp","href":"https:\/\/api.w.org\/{rel}","templated":true}]}}