{"id":282,"date":"2016-05-10T12:19:07","date_gmt":"2016-05-10T11:19:07","guid":{"rendered":"https:\/\/www.wilmetgroup.be\/fr\/?page_id=282"},"modified":"2023-02-02T15:27:53","modified_gmt":"2023-02-02T14:27:53","slug":"boucler-la-boucle-objectif-zero-dechet","status":"publish","type":"page","link":"https:\/\/www.wilmetgroup.be\/fr\/boucler-la-boucle-objectif-zero-dechet\/","title":{"rendered":"Close The Loop"},"content":{"rendered":"<h2 style=\"text-align: center;\"><strong>Let&rsquo;s Close the Loop<\/strong><\/h2>\n<h2 style=\"text-align: center;\"><strong>L&rsquo;objectif majeur du groupe Wilmet : <\/strong><\/h2>\n<h2 style=\"text-align: center;\"><strong>Privil\u00e9gier les solutions locales !<\/strong><\/h2>\n<p>&nbsp;<\/p>\n<h3><strong>Nous collectons\u00a0diff\u00e9rents types de d\u00e9chets sur nos sites.<\/strong><\/h3>\n<p>Nos diff\u00e9rentes implantations, r\u00e9parties\u00a0\u00e0 travers la\u00a0Belgique, nous permettent de couvrir la totalit\u00e9 du territoire belge tout en restant \u00e0 distance raisonnable de nos clients et fournisseurs.<\/p>\n<p>Gr\u00e2ce \u00e0 cela, nous limitons autant que possible les transports et donc notre consommation en \u00e9nergies fossiles, ce qui permet de r\u00e9duire, l&rsquo;impact carbone des mati\u00e8res premi\u00e8res recycl\u00e9es.<\/p>\n<p><strong>\u00a0<\/strong><\/p>\n<h3><strong>Nous effectuons un tri manuel <\/strong>pour la plupart des\u00a0d\u00e9chets.<\/h3>\n<p>Malgr\u00e9 un co\u00fbt beaucoup plus \u00e9lev\u00e9 par rapport \u00e0\u00a0l&rsquo;utilisation de lignes de tri int\u00e9gr\u00e9 (broyeurs), nous pr\u00e9f\u00e9rons toujours travailler manuellement et ce pour plusieurs raisons\u00a0:<\/p>\n<p>1\u00b0 R\u00f4le social : en employant et formant des travailleurs locaux au d\u00e9part peu qualifi\u00e9s, nous contribuons \u00e0 fixer l&#8217;emploi et \u00e0 soutenir l&rsquo;\u00e9conomie sociale.<\/p>\n<p>2\u00b0Consommation d&rsquo;\u00e9nergie : acteur local de l&rsquo;\u00e9conomie circulaire, nous limitons les transport des d\u00e9chets-ressources que nous traitons et en r\u00e9duisons donc l&rsquo;impact carbone.<\/p>\n<p>3\u00b0 Qualit\u00e9\u00a0: le recours au tri manuel optimise l\u2019homog\u00e9n\u00e9it\u00e9 des mati\u00e8res recycl\u00e9es, ce qui favorise leur r\u00e9int\u00e9gration dans un nouveau cycle de production\u00a0 et en augmente leur valeur ajout\u00e9e<\/p>\n<p>4\u00b0 R\u00e9-emploi et r\u00e9paration: certains objets sont r\u00e9cup\u00e9r\u00e9s avant d\u2019\u00eatre recycl\u00e9s et dirig\u00e9s vers des fili\u00e8res de transformation et\/ou de r\u00e9paration.<\/p>\n<p><strong>\u00a0<\/strong><\/p>\n<h3><strong>Transformation-d\u00e9mant\u00e8lement<\/strong><\/h3>\n<p>Pour une valorisation optimale de chaque composant constitutif des d\u00e9chets, nous d\u00e9montons, trions et conditionnons les d\u00e9chets de m\u00eame nature.<\/p>\n<p>Ce processus trouve sa parfaite application dans le recyclage des d\u00e9chets d&rsquo;\u00e9quipements \u00e9lectriques et \u00e9lectroniques (DEEE).<\/p>\n<p>Pour ce faire, le Groupe Wilmet a cr\u00e9\u00e9 des passerelles avec l&rsquo;\u00e9conomie sociale et favorise la r\u00e9insertion des personnes dans le monde du travail.<\/p>\n<p><strong>\u00a0<\/strong><\/p>\n<h3><strong>Privil\u00e9gier un circuit court<\/strong><\/h3>\n<p>Nous essayons autant que possible de travailler avec les circuits les plus courts possibles.<\/p>\n<p>\u00c9conomiquement et d&rsquo;un point de vue environnemental, il est pr\u00e9f\u00e9rable de travailler avec des clients proches plut\u00f4t que de faire traverser la moiti\u00e9 du globe aux d\u00e9chets pour \u00eatre recycl\u00e9s de mati\u00e8re non contr\u00f4l\u00e9e.<\/p>\n<p>Nous privil\u00e9gions\u00a0donc toujours la proximit\u00e9 et la tra\u00e7abilit\u00e9.<\/p>\n","protected":false},"excerpt":{"rendered":"<p>Let&rsquo;s Close the &hellip; <a href=\"https:\/\/www.wilmetgroup.be\/fr\/boucler-la-boucle-objectif-zero-dechet\/\">En savoir plus<\/a><\/p>\n","protected":false},"author":2,"featured_media":2888,"parent":0,"menu_order":27,"comment_status":"closed","ping_status":"closed","template":"","meta":{"_acf_changed":false,"footnotes":""},"class_list":["post-282","page","type-page","status-publish","has-post-thumbnail","hentry"],"acf":[],"yoast_head":"<!-- This site is optimized with the Yoast SEO plugin v27.3 - https:\/\/yoast.com\/product\/yoast-seo-wordpress\/ -->\n<title>Boucler la boucle<\/title>\n<meta name=\"description\" content=\"Boucler la boucle. l&#039;activit\u00e9 principale du groupe Wilmet est de chercher des solutions locales pour refermer la boucle des mati\u00e8res premi\u00e8res.\" \/>\n<meta name=\"robots\" content=\"index, follow, max-snippet:-1, max-image-preview:large, max-video-preview:-1\" \/>\n<link rel=\"canonical\" href=\"https:\/\/www.wilmetgroup.be\/boucler-la-boucle-objectif-zero-dechet\/\" \/>\n<meta property=\"og:locale\" content=\"fr_FR\" \/>\n<meta property=\"og:type\" content=\"article\" \/>\n<meta property=\"og:title\" content=\"Boucler la boucle\" \/>\n<meta property=\"og:description\" content=\"Boucler la boucle. l&#039;activit\u00e9 principale du groupe Wilmet est de chercher des solutions locales pour refermer la boucle des mati\u00e8res premi\u00e8res.\" \/>\n<meta property=\"og:url\" content=\"https:\/\/www.wilmetgroup.be\/boucler-la-boucle-objectif-zero-dechet\/\" \/>\n<meta property=\"og:site_name\" content=\"Wilmet Group\" \/>\n<meta property=\"article:modified_time\" content=\"2023-02-02T14:27:53+00:00\" \/>\n<meta property=\"og:image\" content=\"https:\/\/www.wilmetgroup.be\/wp-content\/uploads\/2022\/08\/close-the-loop-plan-de-travail-1.png\" \/>\n\t<meta property=\"og:image:width\" content=\"2560\" \/>\n\t<meta property=\"og:image:height\" content=\"1440\" \/>\n\t<meta property=\"og:image:type\" content=\"image\/png\" \/>\n<meta name=\"twitter:card\" content=\"summary_large_image\" \/>\n<meta name=\"twitter:label1\" content=\"Dur\u00e9e de lecture estim\u00e9e\" \/>\n\t<meta name=\"twitter:data1\" content=\"2 minutes\" \/>\n<script type=\"application\/ld+json\" class=\"yoast-schema-graph\">{\"@context\":\"https:\\\/\\\/schema.org\",\"@graph\":[{\"@type\":\"WebPage\",\"@id\":\"https:\\\/\\\/www.wilmetgroup.be\\\/boucler-la-boucle-objectif-zero-dechet\\\/\",\"url\":\"https:\\\/\\\/www.wilmetgroup.be\\\/boucler-la-boucle-objectif-zero-dechet\\\/\",\"name\":\"Boucler la boucle\",\"isPartOf\":{\"@id\":\"https:\\\/\\\/www.wilmetgroup.be\\\/en\\\/#website\"},\"primaryImageOfPage\":{\"@id\":\"https:\\\/\\\/www.wilmetgroup.be\\\/boucler-la-boucle-objectif-zero-dechet\\\/#primaryimage\"},\"image\":{\"@id\":\"https:\\\/\\\/www.wilmetgroup.be\\\/boucler-la-boucle-objectif-zero-dechet\\\/#primaryimage\"},\"thumbnailUrl\":\"\\\/wp-content\\\/uploads\\\/2022\\\/08\\\/close-the-loop-plan-de-travail-1.png\",\"datePublished\":\"2016-05-10T11:19:07+00:00\",\"dateModified\":\"2023-02-02T14:27:53+00:00\",\"description\":\"Boucler la boucle. l'activit\u00e9 principale du groupe Wilmet est de chercher des solutions locales pour refermer la boucle des mati\u00e8res premi\u00e8res.\",\"breadcrumb\":{\"@id\":\"https:\\\/\\\/www.wilmetgroup.be\\\/boucler-la-boucle-objectif-zero-dechet\\\/#breadcrumb\"},\"inLanguage\":\"fr-FR\",\"potentialAction\":[{\"@type\":\"ReadAction\",\"target\":[\"https:\\\/\\\/www.wilmetgroup.be\\\/boucler-la-boucle-objectif-zero-dechet\\\/\"]}]},{\"@type\":\"ImageObject\",\"inLanguage\":\"fr-FR\",\"@id\":\"https:\\\/\\\/www.wilmetgroup.be\\\/boucler-la-boucle-objectif-zero-dechet\\\/#primaryimage\",\"url\":\"\\\/wp-content\\\/uploads\\\/2022\\\/08\\\/close-the-loop-plan-de-travail-1.png\",\"contentUrl\":\"\\\/wp-content\\\/uploads\\\/2022\\\/08\\\/close-the-loop-plan-de-travail-1.png\",\"width\":2560,\"height\":1440},{\"@type\":\"BreadcrumbList\",\"@id\":\"https:\\\/\\\/www.wilmetgroup.be\\\/boucler-la-boucle-objectif-zero-dechet\\\/#breadcrumb\",\"itemListElement\":[{\"@type\":\"ListItem\",\"position\":1,\"name\":\"Accueil\",\"item\":\"https:\\\/\\\/www.wilmetgroup.be\\\/fr\\\/\"},{\"@type\":\"ListItem\",\"position\":2,\"name\":\"Close The Loop\"}]},{\"@type\":\"WebSite\",\"@id\":\"https:\\\/\\\/www.wilmetgroup.be\\\/en\\\/#website\",\"url\":\"https:\\\/\\\/www.wilmetgroup.be\\\/en\\\/\",\"name\":\"Wilmet Group\",\"description\":\"Local Recycling For A Cleaner World\",\"publisher\":{\"@id\":\"https:\\\/\\\/www.wilmetgroup.be\\\/en\\\/#organization\"},\"potentialAction\":[{\"@type\":\"SearchAction\",\"target\":{\"@type\":\"EntryPoint\",\"urlTemplate\":\"https:\\\/\\\/www.wilmetgroup.be\\\/en\\\/search\\\/{search_term_string}\"},\"query-input\":{\"@type\":\"PropertyValueSpecification\",\"valueRequired\":true,\"valueName\":\"search_term_string\"}}],\"inLanguage\":\"fr-FR\"},{\"@type\":\"Organization\",\"@id\":\"https:\\\/\\\/www.wilmetgroup.be\\\/en\\\/#organization\",\"name\":\"Wilmet Group\",\"url\":\"https:\\\/\\\/www.wilmetgroup.be\\\/en\\\/\",\"logo\":{\"@type\":\"ImageObject\",\"inLanguage\":\"fr-FR\",\"@id\":\"https:\\\/\\\/www.wilmetgroup.be\\\/en\\\/#\\\/schema\\\/logo\\\/image\\\/\",\"url\":\"\\\/wp-content\\\/uploads\\\/2016\\\/04\\\/cropped-logo-wilmet-group-1.png\",\"contentUrl\":\"\\\/wp-content\\\/uploads\\\/2016\\\/04\\\/cropped-logo-wilmet-group-1.png\",\"width\":139,\"height\":55,\"caption\":\"Wilmet Group\"},\"image\":{\"@id\":\"https:\\\/\\\/www.wilmetgroup.be\\\/en\\\/#\\\/schema\\\/logo\\\/image\\\/\"}}]}<\/script>\n<!-- \/ Yoast SEO plugin. -->","yoast_head_json":{"title":"Boucler la boucle","description":"Boucler la boucle. l'activit\u00e9 principale du groupe Wilmet est de chercher des solutions locales pour refermer la boucle des mati\u00e8res premi\u00e8res.","robots":{"index":"index","follow":"follow","max-snippet":"max-snippet:-1","max-image-preview":"max-image-preview:large","max-video-preview":"max-video-preview:-1"},"canonical":"https:\/\/www.wilmetgroup.be\/boucler-la-boucle-objectif-zero-dechet\/","og_locale":"fr_FR","og_type":"article","og_title":"Boucler la boucle","og_description":"Boucler la boucle. l'activit\u00e9 principale du groupe Wilmet est de chercher des solutions locales pour refermer la boucle des mati\u00e8res premi\u00e8res.","og_url":"https:\/\/www.wilmetgroup.be\/boucler-la-boucle-objectif-zero-dechet\/","og_site_name":"Wilmet Group","article_modified_time":"2023-02-02T14:27:53+00:00","og_image":[{"width":2560,"height":1440,"url":"https:\/\/www.wilmetgroup.be\/wp-content\/uploads\/2022\/08\/close-the-loop-plan-de-travail-1.png","type":"image\/png"}],"twitter_card":"summary_large_image","twitter_misc":{"Dur\u00e9e de lecture estim\u00e9e":"2 minutes"},"schema":{"@context":"https:\/\/schema.org","@graph":[{"@type":"WebPage","@id":"https:\/\/www.wilmetgroup.be\/boucler-la-boucle-objectif-zero-dechet\/","url":"https:\/\/www.wilmetgroup.be\/boucler-la-boucle-objectif-zero-dechet\/","name":"Boucler la boucle","isPartOf":{"@id":"https:\/\/www.wilmetgroup.be\/en\/#website"},"primaryImageOfPage":{"@id":"https:\/\/www.wilmetgroup.be\/boucler-la-boucle-objectif-zero-dechet\/#primaryimage"},"image":{"@id":"https:\/\/www.wilmetgroup.be\/boucler-la-boucle-objectif-zero-dechet\/#primaryimage"},"thumbnailUrl":"\/wp-content\/uploads\/2022\/08\/close-the-loop-plan-de-travail-1.png","datePublished":"2016-05-10T11:19:07+00:00","dateModified":"2023-02-02T14:27:53+00:00","description":"Boucler la boucle. l'activit\u00e9 principale du groupe Wilmet est de chercher des solutions locales pour refermer la boucle des mati\u00e8res premi\u00e8res.","breadcrumb":{"@id":"https:\/\/www.wilmetgroup.be\/boucler-la-boucle-objectif-zero-dechet\/#breadcrumb"},"inLanguage":"fr-FR","potentialAction":[{"@type":"ReadAction","target":["https:\/\/www.wilmetgroup.be\/boucler-la-boucle-objectif-zero-dechet\/"]}]},{"@type":"ImageObject","inLanguage":"fr-FR","@id":"https:\/\/www.wilmetgroup.be\/boucler-la-boucle-objectif-zero-dechet\/#primaryimage","url":"\/wp-content\/uploads\/2022\/08\/close-the-loop-plan-de-travail-1.png","contentUrl":"\/wp-content\/uploads\/2022\/08\/close-the-loop-plan-de-travail-1.png","width":2560,"height":1440},{"@type":"BreadcrumbList","@id":"https:\/\/www.wilmetgroup.be\/boucler-la-boucle-objectif-zero-dechet\/#breadcrumb","itemListElement":[{"@type":"ListItem","position":1,"name":"Accueil","item":"https:\/\/www.wilmetgroup.be\/fr\/"},{"@type":"ListItem","position":2,"name":"Close The Loop"}]},{"@type":"WebSite","@id":"https:\/\/www.wilmetgroup.be\/en\/#website","url":"https:\/\/www.wilmetgroup.be\/en\/","name":"Wilmet Group","description":"Local Recycling For A Cleaner World","publisher":{"@id":"https:\/\/www.wilmetgroup.be\/en\/#organization"},"potentialAction":[{"@type":"SearchAction","target":{"@type":"EntryPoint","urlTemplate":"https:\/\/www.wilmetgroup.be\/en\/search\/{search_term_string}"},"query-input":{"@type":"PropertyValueSpecification","valueRequired":true,"valueName":"search_term_string"}}],"inLanguage":"fr-FR"},{"@type":"Organization","@id":"https:\/\/www.wilmetgroup.be\/en\/#organization","name":"Wilmet Group","url":"https:\/\/www.wilmetgroup.be\/en\/","logo":{"@type":"ImageObject","inLanguage":"fr-FR","@id":"https:\/\/www.wilmetgroup.be\/en\/#\/schema\/logo\/image\/","url":"\/wp-content\/uploads\/2016\/04\/cropped-logo-wilmet-group-1.png","contentUrl":"\/wp-content\/uploads\/2016\/04\/cropped-logo-wilmet-group-1.png","width":139,"height":55,"caption":"Wilmet Group"},"image":{"@id":"https:\/\/www.wilmetgroup.be\/en\/#\/schema\/logo\/image\/"}}]}},"_links":{"self":[{"href":"https:\/\/www.wilmetgroup.be\/fr\/wp-json\/wp\/v2\/pages\/282","targetHints":{"allow":["GET"]}}],"collection":[{"href":"https:\/\/www.wilmetgroup.be\/fr\/wp-json\/wp\/v2\/pages"}],"about":[{"href":"https:\/\/www.wilmetgroup.be\/fr\/wp-json\/wp\/v2\/types\/page"}],"author":[{"embeddable":true,"href":"https:\/\/www.wilmetgroup.be\/fr\/wp-json\/wp\/v2\/users\/2"}],"replies":[{"embeddable":true,"href":"https:\/\/www.wilmetgroup.be\/fr\/wp-json\/wp\/v2\/comments?post=282"}],"version-history":[{"count":22,"href":"https:\/\/www.wilmetgroup.be\/fr\/wp-json\/wp\/v2\/pages\/282\/revisions"}],"predecessor-version":[{"id":3067,"href":"https:\/\/www.wilmetgroup.be\/fr\/wp-json\/wp\/v2\/pages\/282\/revisions\/3067"}],"wp:featuredmedia":[{"embeddable":true,"href":"https:\/\/www.wilmetgroup.be\/fr\/wp-json\/wp\/v2\/media\/2888"}],"wp:attachment":[{"href":"https:\/\/www.wilmetgroup.be\/fr\/wp-json\/wp\/v2\/media?parent=282"}],"curies":[{"name":"wp","href":"https:\/\/api.w.org\/{rel}","templated":true}]}}