{"id":301,"date":"2016-05-10T13:29:08","date_gmt":"2016-05-10T12:29:08","guid":{"rendered":"https:\/\/www.wilmetgroup.be\/fr\/?page_id=301"},"modified":"2023-02-02T15:25:28","modified_gmt":"2023-02-02T14:25:28","slug":"premiers-vers-changement-radical","status":"publish","type":"page","link":"https:\/\/www.wilmetgroup.be\/fr\/wilmet-group\/leconomie-circulaire-premier-pas-vers-le-changement\/premiers-vers-changement-radical\/","title":{"rendered":"Economie circulaire et d\u00e9veloppement durable"},"content":{"rendered":"<h2>L\u2019\u00e9conomie circulaire, qu\u2019est-ce que c\u2019est ?<\/h2>\n<h6><span style=\"color: #808080;\"><strong><span class=\"text-bold\">L\u2019\u00e9conomie circulaire tente \u00e0 remplacer notre mod\u00e8le actuel d\u2019\u00e9conomie, dite lin\u00e9aire.<\/span><\/strong><\/span><\/h6>\n<h6><span style=\"color: #808080;\"><strong><span class=\"text-bold\">Depuis l\u2019av\u00e8nement de l\u2019\u00e8re industrielle, la consommation n\u2019a cess\u00e9 de cro\u00eetre en suivant le principe d\u2019\u00e9conomie lin\u00e9aire \u00ab extraire-fabriquer-consommer-jeter \u00bb.<\/span><\/strong><\/span><\/h6>\n<h6><span style=\"color: #808080;\"><strong><span class=\"text-bold\">Une nouvelle \u00e9conomie dite circulaire tend \u00e0 remplacer le mod\u00e8le actuel en appliquant le principe des \u00e9cosyst\u00e8mes naturels dans lesquels rien ne se perd, rien ne se cr\u00e9e, tout se transforme.<\/span><\/strong><\/span><\/h6>\n<p>&nbsp;<\/p>\n<h2>Pourquoi passer au mod\u00e8le d&rsquo;\u00e9conomie circulaire ?<\/h2>\n<ul>\n<li><strong>Premi\u00e8rement, la consommation des ressources.<\/strong><\/li>\n<\/ul>\n<p><em>Toutes les\u00a0\u00e9tudes montrent que les r\u00e9serves naturelles de mati\u00e8res premi\u00e8res, que l\u2019on pensait in\u00e9puisables, s\u2019amenuisent\u00a0consid\u00e9rablement <\/em><em>et rapidement.<\/em><\/p>\n<p><em>\u00a0Leur utilisation en augmentation<\/em><em> croissante <\/em><em>(d\u00e9mographie exponentielle, obsolescence programm\u00e9e, effets de mode,\u2026) \u00e9puise les r\u00e9serves de la terre, ce qui dans un futur assez proche, entra\u00eenera une augmentation \u00e9lev\u00e9e des prix ainsi que des conflits pour le contr\u00f4le de ces ressources.<\/em><\/p>\n<p>&nbsp;<\/p>\n<ul>\n<li><strong>Deuxi\u00e8mement, la consommation d\u2019\u00e9nergie.<\/strong><\/li>\n<\/ul>\n<p><em>\u00a0L\u2019application des principes de l\u2019\u00e9conomie circulaire \u00e0 la production permet de faire des \u00e9conomies substantielles en mati\u00e8re d\u2019\u00e9nergie. <\/em><\/p>\n<p><em>\u00a0A titre d\u2019exemple, 1 tonne d\u2019aluminium produite \u00e0 partir d\u2019aluminium recycl\u00e9 n\u00e9cessite 7 fois moins d\u2019\u00e9nergie que la m\u00eame tonne produite \u00e0 partir de l\u2019extraction du minerai de bauxite. <\/em><\/p>\n<p>&nbsp;<\/p>\n<ul>\n<li><strong>Troisi\u00e8mement, l&rsquo;impact sur l&rsquo;environnement.<\/strong><\/li>\n<\/ul>\n<p><em>Les \u00e9conomies des mati\u00e8res premi\u00e8res et d\u2019\u00e9nergie g\u00e9n\u00e9r\u00e9es par l\u2019\u00e9conomie circulaire ont \u00e9videmment un impact extr\u00eamement positif sur l\u2019environnement.<\/em><\/p>\n<p><em>Un \u00e9norme pourcentage des ressources utilis\u00e9es dans le cadre de l\u2019\u00e9conomie lin\u00e9aire est transform\u00e9 en d\u00e9chets, soit en cours de production, soit en fin de vie.<\/em><\/p>\n<p>&nbsp;<\/p>\n<p>&nbsp;<\/p>\n","protected":false},"excerpt":{"rendered":"<p>L\u2019\u00e9conomie circulaire, qu\u2019est-ce &hellip; <a href=\"https:\/\/www.wilmetgroup.be\/fr\/wilmet-group\/leconomie-circulaire-premier-pas-vers-le-changement\/premiers-vers-changement-radical\/\">En savoir plus<\/a><\/p>\n","protected":false},"author":2,"featured_media":2810,"parent":40,"menu_order":20,"comment_status":"closed","ping_status":"closed","template":"","meta":{"_acf_changed":false,"footnotes":""},"class_list":["post-301","page","type-page","status-publish","has-post-thumbnail","hentry"],"acf":[],"yoast_head":"<!-- This site is optimized with the Yoast SEO plugin v27.5 - https:\/\/yoast.com\/product\/yoast-seo-wordpress\/ -->\n<title>Economie circulaire et d\u00e9veloppement durable - Wilmet Group<\/title>\n<meta name=\"robots\" content=\"index, follow, max-snippet:-1, max-image-preview:large, max-video-preview:-1\" \/>\n<link rel=\"canonical\" href=\"https:\/\/www.wilmetgroup.be\/fr\/wilmet-group\/leconomie-circulaire-premier-pas-vers-le-changement\/premiers-vers-changement-radical\/\" \/>\n<meta property=\"og:locale\" content=\"fr_FR\" \/>\n<meta property=\"og:type\" content=\"article\" \/>\n<meta property=\"og:title\" content=\"Economie circulaire et d\u00e9veloppement durable - Wilmet Group\" \/>\n<meta property=\"og:description\" content=\"L\u2019\u00e9conomie circulaire, qu\u2019est-ce &hellip; En savoir plus\" \/>\n<meta property=\"og:url\" content=\"https:\/\/www.wilmetgroup.be\/fr\/wilmet-group\/leconomie-circulaire-premier-pas-vers-le-changement\/premiers-vers-changement-radical\/\" \/>\n<meta property=\"og:site_name\" content=\"Wilmet Group\" \/>\n<meta property=\"article:modified_time\" content=\"2023-02-02T14:25:28+00:00\" \/>\n<meta property=\"og:image\" content=\"https:\/\/www.wilmetgroup.be\/wp-content\/uploads\/2022\/07\/windmills-1048981-1920.jpg\" \/>\n\t<meta property=\"og:image:width\" content=\"1920\" \/>\n\t<meta property=\"og:image:height\" content=\"1213\" \/>\n\t<meta property=\"og:image:type\" content=\"image\/jpeg\" \/>\n<meta name=\"twitter:card\" content=\"summary_large_image\" \/>\n<meta name=\"twitter:label1\" content=\"Dur\u00e9e de lecture estim\u00e9e\" \/>\n\t<meta name=\"twitter:data1\" content=\"2 minutes\" \/>\n<script type=\"application\/ld+json\" class=\"yoast-schema-graph\">{\"@context\":\"https:\\\/\\\/schema.org\",\"@graph\":[{\"@type\":\"WebPage\",\"@id\":\"https:\\\/\\\/www.wilmetgroup.be\\\/fr\\\/wilmet-group\\\/leconomie-circulaire-premier-pas-vers-le-changement\\\/premiers-vers-changement-radical\\\/\",\"url\":\"https:\\\/\\\/www.wilmetgroup.be\\\/fr\\\/wilmet-group\\\/leconomie-circulaire-premier-pas-vers-le-changement\\\/premiers-vers-changement-radical\\\/\",\"name\":\"Economie circulaire et d\u00e9veloppement durable - Wilmet Group\",\"isPartOf\":{\"@id\":\"https:\\\/\\\/www.wilmetgroup.be\\\/en\\\/#website\"},\"primaryImageOfPage\":{\"@id\":\"https:\\\/\\\/www.wilmetgroup.be\\\/fr\\\/wilmet-group\\\/leconomie-circulaire-premier-pas-vers-le-changement\\\/premiers-vers-changement-radical\\\/#primaryimage\"},\"image\":{\"@id\":\"https:\\\/\\\/www.wilmetgroup.be\\\/fr\\\/wilmet-group\\\/leconomie-circulaire-premier-pas-vers-le-changement\\\/premiers-vers-changement-radical\\\/#primaryimage\"},\"thumbnailUrl\":\"\\\/wp-content\\\/uploads\\\/2022\\\/07\\\/windmills-1048981-1920.jpg\",\"datePublished\":\"2016-05-10T12:29:08+00:00\",\"dateModified\":\"2023-02-02T14:25:28+00:00\",\"breadcrumb\":{\"@id\":\"https:\\\/\\\/www.wilmetgroup.be\\\/fr\\\/wilmet-group\\\/leconomie-circulaire-premier-pas-vers-le-changement\\\/premiers-vers-changement-radical\\\/#breadcrumb\"},\"inLanguage\":\"fr-FR\",\"potentialAction\":[{\"@type\":\"ReadAction\",\"target\":[\"https:\\\/\\\/www.wilmetgroup.be\\\/fr\\\/wilmet-group\\\/leconomie-circulaire-premier-pas-vers-le-changement\\\/premiers-vers-changement-radical\\\/\"]}]},{\"@type\":\"ImageObject\",\"inLanguage\":\"fr-FR\",\"@id\":\"https:\\\/\\\/www.wilmetgroup.be\\\/fr\\\/wilmet-group\\\/leconomie-circulaire-premier-pas-vers-le-changement\\\/premiers-vers-changement-radical\\\/#primaryimage\",\"url\":\"\\\/wp-content\\\/uploads\\\/2022\\\/07\\\/windmills-1048981-1920.jpg\",\"contentUrl\":\"\\\/wp-content\\\/uploads\\\/2022\\\/07\\\/windmills-1048981-1920.jpg\",\"width\":1920,\"height\":1213},{\"@type\":\"BreadcrumbList\",\"@id\":\"https:\\\/\\\/www.wilmetgroup.be\\\/fr\\\/wilmet-group\\\/leconomie-circulaire-premier-pas-vers-le-changement\\\/premiers-vers-changement-radical\\\/#breadcrumb\",\"itemListElement\":[{\"@type\":\"ListItem\",\"position\":1,\"name\":\"Accueil\",\"item\":\"https:\\\/\\\/www.wilmetgroup.be\\\/fr\\\/\"},{\"@type\":\"ListItem\",\"position\":2,\"name\":\"Accueil\",\"item\":\"https:\\\/\\\/www.wilmetgroup.be\\\/fr\\\/\"},{\"@type\":\"ListItem\",\"position\":3,\"name\":\"Let\u2019s Close the Loop\",\"item\":\"https:\\\/\\\/www.wilmetgroup.be\\\/fr\\\/wilmet-group\\\/leconomie-circulaire-premier-pas-vers-le-changement\\\/\"},{\"@type\":\"ListItem\",\"position\":4,\"name\":\"Economie circulaire et d\u00e9veloppement durable\"}]},{\"@type\":\"WebSite\",\"@id\":\"https:\\\/\\\/www.wilmetgroup.be\\\/en\\\/#website\",\"url\":\"https:\\\/\\\/www.wilmetgroup.be\\\/en\\\/\",\"name\":\"Wilmet Group\",\"description\":\"Local Recycling For A Cleaner World\",\"publisher\":{\"@id\":\"https:\\\/\\\/www.wilmetgroup.be\\\/en\\\/#organization\"},\"potentialAction\":[{\"@type\":\"SearchAction\",\"target\":{\"@type\":\"EntryPoint\",\"urlTemplate\":\"https:\\\/\\\/www.wilmetgroup.be\\\/en\\\/search\\\/{search_term_string}\"},\"query-input\":{\"@type\":\"PropertyValueSpecification\",\"valueRequired\":true,\"valueName\":\"search_term_string\"}}],\"inLanguage\":\"fr-FR\"},{\"@type\":\"Organization\",\"@id\":\"https:\\\/\\\/www.wilmetgroup.be\\\/en\\\/#organization\",\"name\":\"Wilmet Group\",\"url\":\"https:\\\/\\\/www.wilmetgroup.be\\\/en\\\/\",\"logo\":{\"@type\":\"ImageObject\",\"inLanguage\":\"fr-FR\",\"@id\":\"https:\\\/\\\/www.wilmetgroup.be\\\/en\\\/#\\\/schema\\\/logo\\\/image\\\/\",\"url\":\"\\\/wp-content\\\/uploads\\\/2016\\\/04\\\/cropped-logo-wilmet-group-1.png\",\"contentUrl\":\"\\\/wp-content\\\/uploads\\\/2016\\\/04\\\/cropped-logo-wilmet-group-1.png\",\"width\":139,\"height\":55,\"caption\":\"Wilmet Group\"},\"image\":{\"@id\":\"https:\\\/\\\/www.wilmetgroup.be\\\/en\\\/#\\\/schema\\\/logo\\\/image\\\/\"}}]}<\/script>\n<!-- \/ Yoast SEO plugin. -->","yoast_head_json":{"title":"Economie circulaire et d\u00e9veloppement durable - Wilmet Group","robots":{"index":"index","follow":"follow","max-snippet":"max-snippet:-1","max-image-preview":"max-image-preview:large","max-video-preview":"max-video-preview:-1"},"canonical":"https:\/\/www.wilmetgroup.be\/fr\/wilmet-group\/leconomie-circulaire-premier-pas-vers-le-changement\/premiers-vers-changement-radical\/","og_locale":"fr_FR","og_type":"article","og_title":"Economie circulaire et d\u00e9veloppement durable - Wilmet Group","og_description":"L\u2019\u00e9conomie circulaire, qu\u2019est-ce &hellip; En savoir plus","og_url":"https:\/\/www.wilmetgroup.be\/fr\/wilmet-group\/leconomie-circulaire-premier-pas-vers-le-changement\/premiers-vers-changement-radical\/","og_site_name":"Wilmet Group","article_modified_time":"2023-02-02T14:25:28+00:00","og_image":[{"width":1920,"height":1213,"url":"https:\/\/www.wilmetgroup.be\/wp-content\/uploads\/2022\/07\/windmills-1048981-1920.jpg","type":"image\/jpeg"}],"twitter_card":"summary_large_image","twitter_misc":{"Dur\u00e9e de lecture estim\u00e9e":"2 minutes"},"schema":{"@context":"https:\/\/schema.org","@graph":[{"@type":"WebPage","@id":"https:\/\/www.wilmetgroup.be\/fr\/wilmet-group\/leconomie-circulaire-premier-pas-vers-le-changement\/premiers-vers-changement-radical\/","url":"https:\/\/www.wilmetgroup.be\/fr\/wilmet-group\/leconomie-circulaire-premier-pas-vers-le-changement\/premiers-vers-changement-radical\/","name":"Economie circulaire et d\u00e9veloppement durable - Wilmet Group","isPartOf":{"@id":"https:\/\/www.wilmetgroup.be\/en\/#website"},"primaryImageOfPage":{"@id":"https:\/\/www.wilmetgroup.be\/fr\/wilmet-group\/leconomie-circulaire-premier-pas-vers-le-changement\/premiers-vers-changement-radical\/#primaryimage"},"image":{"@id":"https:\/\/www.wilmetgroup.be\/fr\/wilmet-group\/leconomie-circulaire-premier-pas-vers-le-changement\/premiers-vers-changement-radical\/#primaryimage"},"thumbnailUrl":"\/wp-content\/uploads\/2022\/07\/windmills-1048981-1920.jpg","datePublished":"2016-05-10T12:29:08+00:00","dateModified":"2023-02-02T14:25:28+00:00","breadcrumb":{"@id":"https:\/\/www.wilmetgroup.be\/fr\/wilmet-group\/leconomie-circulaire-premier-pas-vers-le-changement\/premiers-vers-changement-radical\/#breadcrumb"},"inLanguage":"fr-FR","potentialAction":[{"@type":"ReadAction","target":["https:\/\/www.wilmetgroup.be\/fr\/wilmet-group\/leconomie-circulaire-premier-pas-vers-le-changement\/premiers-vers-changement-radical\/"]}]},{"@type":"ImageObject","inLanguage":"fr-FR","@id":"https:\/\/www.wilmetgroup.be\/fr\/wilmet-group\/leconomie-circulaire-premier-pas-vers-le-changement\/premiers-vers-changement-radical\/#primaryimage","url":"\/wp-content\/uploads\/2022\/07\/windmills-1048981-1920.jpg","contentUrl":"\/wp-content\/uploads\/2022\/07\/windmills-1048981-1920.jpg","width":1920,"height":1213},{"@type":"BreadcrumbList","@id":"https:\/\/www.wilmetgroup.be\/fr\/wilmet-group\/leconomie-circulaire-premier-pas-vers-le-changement\/premiers-vers-changement-radical\/#breadcrumb","itemListElement":[{"@type":"ListItem","position":1,"name":"Accueil","item":"https:\/\/www.wilmetgroup.be\/fr\/"},{"@type":"ListItem","position":2,"name":"Accueil","item":"https:\/\/www.wilmetgroup.be\/fr\/"},{"@type":"ListItem","position":3,"name":"Let\u2019s Close the Loop","item":"https:\/\/www.wilmetgroup.be\/fr\/wilmet-group\/leconomie-circulaire-premier-pas-vers-le-changement\/"},{"@type":"ListItem","position":4,"name":"Economie circulaire et d\u00e9veloppement durable"}]},{"@type":"WebSite","@id":"https:\/\/www.wilmetgroup.be\/en\/#website","url":"https:\/\/www.wilmetgroup.be\/en\/","name":"Wilmet Group","description":"Local Recycling For A Cleaner World","publisher":{"@id":"https:\/\/www.wilmetgroup.be\/en\/#organization"},"potentialAction":[{"@type":"SearchAction","target":{"@type":"EntryPoint","urlTemplate":"https:\/\/www.wilmetgroup.be\/en\/search\/{search_term_string}"},"query-input":{"@type":"PropertyValueSpecification","valueRequired":true,"valueName":"search_term_string"}}],"inLanguage":"fr-FR"},{"@type":"Organization","@id":"https:\/\/www.wilmetgroup.be\/en\/#organization","name":"Wilmet Group","url":"https:\/\/www.wilmetgroup.be\/en\/","logo":{"@type":"ImageObject","inLanguage":"fr-FR","@id":"https:\/\/www.wilmetgroup.be\/en\/#\/schema\/logo\/image\/","url":"\/wp-content\/uploads\/2016\/04\/cropped-logo-wilmet-group-1.png","contentUrl":"\/wp-content\/uploads\/2016\/04\/cropped-logo-wilmet-group-1.png","width":139,"height":55,"caption":"Wilmet Group"},"image":{"@id":"https:\/\/www.wilmetgroup.be\/en\/#\/schema\/logo\/image\/"}}]}},"_links":{"self":[{"href":"https:\/\/www.wilmetgroup.be\/fr\/wp-json\/wp\/v2\/pages\/301","targetHints":{"allow":["GET"]}}],"collection":[{"href":"https:\/\/www.wilmetgroup.be\/fr\/wp-json\/wp\/v2\/pages"}],"about":[{"href":"https:\/\/www.wilmetgroup.be\/fr\/wp-json\/wp\/v2\/types\/page"}],"author":[{"embeddable":true,"href":"https:\/\/www.wilmetgroup.be\/fr\/wp-json\/wp\/v2\/users\/2"}],"replies":[{"embeddable":true,"href":"https:\/\/www.wilmetgroup.be\/fr\/wp-json\/wp\/v2\/comments?post=301"}],"version-history":[{"count":23,"href":"https:\/\/www.wilmetgroup.be\/fr\/wp-json\/wp\/v2\/pages\/301\/revisions"}],"predecessor-version":[{"id":3066,"href":"https:\/\/www.wilmetgroup.be\/fr\/wp-json\/wp\/v2\/pages\/301\/revisions\/3066"}],"up":[{"embeddable":true,"href":"https:\/\/www.wilmetgroup.be\/fr\/wp-json\/wp\/v2\/pages\/40"}],"wp:featuredmedia":[{"embeddable":true,"href":"https:\/\/www.wilmetgroup.be\/fr\/wp-json\/wp\/v2\/media\/2810"}],"wp:attachment":[{"href":"https:\/\/www.wilmetgroup.be\/fr\/wp-json\/wp\/v2\/media?parent=301"}],"curies":[{"name":"wp","href":"https:\/\/api.w.org\/{rel}","templated":true}]}}