{"id":34,"date":"2016-03-31T15:01:50","date_gmt":"2016-03-31T14:01:50","guid":{"rendered":"https:\/\/www.wilmetgroup.be\/fr\/?page_id=34"},"modified":"2023-07-04T11:36:43","modified_gmt":"2023-07-04T10:36:43","slug":"historique","status":"publish","type":"page","link":"https:\/\/www.wilmetgroup.be\/fr\/historique\/","title":{"rendered":"Historique"},"content":{"rendered":"<p>Fond\u00e9e\u00a0vers la fin du XIX\u00e8me si\u00e8cle par Mr Jules Quintin, le groupe Wilmet, bas\u00e9 \u00e0 l&rsquo;origine dans la r\u00e9gion de Charleroi, a\u00a0\u00e9volu\u00e9 \u00e0 travers les d\u00e9cennies pour devenir un acteur majeur du recyclage de m\u00e9taux en Wallonie \u00e0 la fin du XX\u00e8me si\u00e8cle. Pas moins de six g\u00e9n\u00e9rations\u00a0se sont succ\u00e9d\u00e9es \u00e0 la t\u00eate de l&rsquo;entreprise depuis sa cr\u00e9ation., chacun apportant sa pierre \u00e0 l&rsquo;\u00e9difice dans la transition du groupe.<\/p>\n<p>A travers les \u00e2ges voici les dates cl\u00e9s de l&rsquo;\u00e9volution du groupe.<\/p>\n<p><!--more--><\/p>\n<p>&nbsp;<\/p>\n<table cellspacing=\"5\" cellpadding=\"5\">\n<tbody>\n<tr>\n<td valign=\"top\" width=\"60\">1880<\/td>\n<td>Cr\u00e9ation <a href=\"https:\/\/www.wilmetgroup.be\/fr\/jules-quintin\/\">Ventes de vieux m\u00e9taux Jules Quintin et fils<\/a> \u00e0 Jumet<\/td>\n<\/tr>\n<tr>\n<td valign=\"top\">1920<\/td>\n<td>Auguste Quintin prend le relais et continue l&rsquo;exploitation de son p\u00e8re situ\u00e9 Chauss\u00e9e de Bruxelles \u00e0 Jumet.<\/td>\n<\/tr>\n<tr>\n<td valign=\"top\">1935<\/td>\n<td>Armand Quintin vient \u00e9pauler son p\u00e8re dans la soci\u00e9t\u00e9 familiale.<a href=\"https:\/\/www.wilmetgroup.be\/fr\/facture-auguste-quintin\/\"> En 1940, le cuivre est vendu au prix de 9.10 francs belges le kilo.<\/a><\/td>\n<\/tr>\n<tr>\n<td valign=\"top\">1956<\/td>\n<td>La soci\u00e9t\u00e9 d\u00e9m\u00e9nage de Jumet et vient s&rsquo;\u00e9tablir en r\u00e9gion namuroise. Dans le m\u00eame temps,\u00a0<a href=\"https:\/\/www.wilmetgroup.be\/fr\/jean-wilmet\/\">Jean Wilmet<\/a>\u00a0fait son entr\u00e9e dans la soci\u00e9t\u00e9 de son beau-p\u00e8re et\u00a0reprendra d\u00e9finitivement l\u2019activit\u00e9 m\u00e9taux au d\u00e9c\u00e8s de celui-ci ( 11\/03\/67 )<\/td>\n<\/tr>\n<tr>\n<td valign=\"top\">1972<\/td>\n<td><a href=\"https:\/\/www.wilmetgroup.be\/fr\/site-de-jambe-wilmet-sa\/\">Construction des b\u00e2timents \u00e0 Jambes<\/a><\/td>\n<\/tr>\n<tr>\n<td valign=\"top\"><\/td>\n<td><\/td>\n<\/tr>\n<tr>\n<td valign=\"top\">1974<\/td>\n<td>Arriv\u00e9e de Pierre Wilmet dans l&rsquo;activit\u00e9 d\u2019achat\/vente de m\u00e9taux dans les Ateliers de Jambes et est tr\u00e8s vite rejoint par son fr\u00e8re Jacques.<\/td>\n<\/tr>\n<tr>\n<td valign=\"top\"><\/td>\n<td><\/td>\n<\/tr>\n<tr>\n<td valign=\"top\">1985<\/td>\n<td>La sprl Wilmet devient une soci\u00e9t\u00e9 anonyme. La petite structure s&rsquo;agrandit pour devenir une PME comprenant une dizaine de travailleurs.<\/td>\n<\/tr>\n<tr>\n<td valign=\"top\">1995<\/td>\n<td>Arriv\u00e9e de Cathy Wilmet au sein de la soci\u00e9t\u00e9<\/td>\n<\/tr>\n<tr>\n<td valign=\"top\">1996<\/td>\n<td>D\u00e9c\u00e8s de Jean Wilmet<\/td>\n<\/tr>\n<tr>\n<td valign=\"top\">1997<\/td>\n<td>Rachat de la soci\u00e9t\u00e9 Sametal SA situ\u00e9 sur l&rsquo;ile Monsin \u00e0 Li\u00e8ge. (Actuellement Wilmet Li\u00e8ge)<\/td>\n<\/tr>\n<tr>\n<td valign=\"top\">2000<\/td>\n<td>D\u00e9m\u00e9nagement du site de Jambes vers le <a href=\"https:\/\/www.wilmetgroup.be\/fr\/547-2\/\">nouveau site de Malonne<\/a>.<\/td>\n<\/tr>\n<tr>\n<td valign=\"top\"><\/td>\n<td><\/td>\n<\/tr>\n<tr>\n<td valign=\"top\">2010<\/td>\n<td>Rachat de Autocasse Duvigneaud \u00e0 Halanzy (Actuellement Wilmet Luxembourg)<\/td>\n<\/tr>\n<tr>\n<td valign=\"top\">2011<\/td>\n<td>Cr\u00e9ation du Holding SoHoW (Soci\u00e9t\u00e9 Holding Wilmet)<\/td>\n<\/tr>\n<tr>\n<td valign=\"top\">2014<\/td>\n<td>Rachat de GRSE, centre de collecte et de recyclage de d\u00e9chets \u00e9lectriques et \u00e9lectroniques bas\u00e9 \u00e0 Schoten<\/td>\n<\/tr>\n<tr>\n<td valign=\"top\">2016<\/td>\n<td>Nomination de Mr Benjamin Colas comme administrateur-d\u00e9l\u00e9gu\u00e9 du groupe Wilmet et de ses filiales<\/td>\n<\/tr>\n<tr>\n<td valign=\"top\">2022<\/td>\n<td>Rachat de <a href=\"https:\/\/www.colimetals.be\/\">Colimetals<\/a>, chantier de recyclage de m\u00e9taux situ\u00e9 \u00e0 Rijkevorsel (Province d\u2019Anvers) le long du canal.<\/td>\n<\/tr>\n<tr>\n<td valign=\"top\">2023<\/td>\n<td>D\u00e9m\u00e9nagement de <a href=\"https:\/\/www.wilmetluxembourg.be\/fr\/\">Wilmet Luxembourg<\/a> du site d\u2019Halanzy vers un nouveau site \u00e0 Aubange<\/td>\n<\/tr>\n<tr>\n<td valign=\"top\">2023<\/td>\n<td>Reprise de la direction et de la gestion de <a href=\"https:\/\/www.wilmetnamur.be\/fr\/\">Wilmet Namur<\/a> par Bastien Wilmet et Guillaume Abras, deux enfants de la famille Wilmet<\/td>\n<\/tr>\n<\/tbody>\n<\/table>\n<p>&nbsp;<\/p>\n","protected":false},"excerpt":{"rendered":"<p>Fond\u00e9e\u00a0vers la fin &hellip; <a href=\"https:\/\/www.wilmetgroup.be\/fr\/historique\/\">En savoir plus<\/a><\/p>\n","protected":false},"author":1,"featured_media":2813,"parent":0,"menu_order":61,"comment_status":"closed","ping_status":"closed","template":"","meta":{"_acf_changed":false,"footnotes":""},"class_list":["post-34","page","type-page","status-publish","has-post-thumbnail","hentry"],"acf":[],"yoast_head":"<!-- This site is optimized with the Yoast SEO plugin v27.3 - https:\/\/yoast.com\/product\/yoast-seo-wordpress\/ -->\n<title>Historique - Wilmet Group<\/title>\n<meta name=\"robots\" content=\"index, follow, max-snippet:-1, max-image-preview:large, max-video-preview:-1\" \/>\n<link rel=\"canonical\" href=\"https:\/\/www.wilmetgroup.be\/historique\/\" \/>\n<meta property=\"og:locale\" content=\"fr_FR\" \/>\n<meta property=\"og:type\" content=\"article\" \/>\n<meta property=\"og:title\" content=\"Historique - Wilmet Group\" \/>\n<meta property=\"og:description\" content=\"Fond\u00e9e\u00a0vers la fin &hellip; En savoir plus\" \/>\n<meta property=\"og:url\" content=\"https:\/\/www.wilmetgroup.be\/historique\/\" \/>\n<meta property=\"og:site_name\" content=\"Wilmet Group\" \/>\n<meta property=\"article:modified_time\" content=\"2023-07-04T10:36:43+00:00\" \/>\n<meta property=\"og:image\" content=\"https:\/\/www.wilmetgroup.be\/wp-content\/uploads\/2022\/07\/auto-1868726-1920.jpg\" \/>\n\t<meta property=\"og:image:width\" content=\"1920\" \/>\n\t<meta property=\"og:image:height\" content=\"1080\" \/>\n\t<meta property=\"og:image:type\" content=\"image\/jpeg\" \/>\n<meta name=\"twitter:card\" content=\"summary_large_image\" \/>\n<meta name=\"twitter:label1\" content=\"Dur\u00e9e de lecture estim\u00e9e\" \/>\n\t<meta name=\"twitter:data1\" content=\"2 minutes\" \/>\n<script type=\"application\/ld+json\" class=\"yoast-schema-graph\">{\"@context\":\"https:\\\/\\\/schema.org\",\"@graph\":[{\"@type\":\"WebPage\",\"@id\":\"https:\\\/\\\/www.wilmetgroup.be\\\/historique\\\/\",\"url\":\"https:\\\/\\\/www.wilmetgroup.be\\\/historique\\\/\",\"name\":\"Historique - Wilmet Group\",\"isPartOf\":{\"@id\":\"https:\\\/\\\/www.wilmetgroup.be\\\/en\\\/#website\"},\"primaryImageOfPage\":{\"@id\":\"https:\\\/\\\/www.wilmetgroup.be\\\/historique\\\/#primaryimage\"},\"image\":{\"@id\":\"https:\\\/\\\/www.wilmetgroup.be\\\/historique\\\/#primaryimage\"},\"thumbnailUrl\":\"\\\/wp-content\\\/uploads\\\/2022\\\/07\\\/auto-1868726-1920.jpg\",\"datePublished\":\"2016-03-31T14:01:50+00:00\",\"dateModified\":\"2023-07-04T10:36:43+00:00\",\"breadcrumb\":{\"@id\":\"https:\\\/\\\/www.wilmetgroup.be\\\/historique\\\/#breadcrumb\"},\"inLanguage\":\"fr-FR\",\"potentialAction\":[{\"@type\":\"ReadAction\",\"target\":[\"https:\\\/\\\/www.wilmetgroup.be\\\/historique\\\/\"]}]},{\"@type\":\"ImageObject\",\"inLanguage\":\"fr-FR\",\"@id\":\"https:\\\/\\\/www.wilmetgroup.be\\\/historique\\\/#primaryimage\",\"url\":\"\\\/wp-content\\\/uploads\\\/2022\\\/07\\\/auto-1868726-1920.jpg\",\"contentUrl\":\"\\\/wp-content\\\/uploads\\\/2022\\\/07\\\/auto-1868726-1920.jpg\",\"width\":1920,\"height\":1080},{\"@type\":\"BreadcrumbList\",\"@id\":\"https:\\\/\\\/www.wilmetgroup.be\\\/historique\\\/#breadcrumb\",\"itemListElement\":[{\"@type\":\"ListItem\",\"position\":1,\"name\":\"Accueil\",\"item\":\"https:\\\/\\\/www.wilmetgroup.be\\\/fr\\\/\"},{\"@type\":\"ListItem\",\"position\":2,\"name\":\"Historique\"}]},{\"@type\":\"WebSite\",\"@id\":\"https:\\\/\\\/www.wilmetgroup.be\\\/en\\\/#website\",\"url\":\"https:\\\/\\\/www.wilmetgroup.be\\\/en\\\/\",\"name\":\"Wilmet Group\",\"description\":\"Local Recycling For A Cleaner World\",\"publisher\":{\"@id\":\"https:\\\/\\\/www.wilmetgroup.be\\\/en\\\/#organization\"},\"potentialAction\":[{\"@type\":\"SearchAction\",\"target\":{\"@type\":\"EntryPoint\",\"urlTemplate\":\"https:\\\/\\\/www.wilmetgroup.be\\\/en\\\/search\\\/{search_term_string}\"},\"query-input\":{\"@type\":\"PropertyValueSpecification\",\"valueRequired\":true,\"valueName\":\"search_term_string\"}}],\"inLanguage\":\"fr-FR\"},{\"@type\":\"Organization\",\"@id\":\"https:\\\/\\\/www.wilmetgroup.be\\\/en\\\/#organization\",\"name\":\"Wilmet Group\",\"url\":\"https:\\\/\\\/www.wilmetgroup.be\\\/en\\\/\",\"logo\":{\"@type\":\"ImageObject\",\"inLanguage\":\"fr-FR\",\"@id\":\"https:\\\/\\\/www.wilmetgroup.be\\\/en\\\/#\\\/schema\\\/logo\\\/image\\\/\",\"url\":\"\\\/wp-content\\\/uploads\\\/2016\\\/04\\\/cropped-logo-wilmet-group-1.png\",\"contentUrl\":\"\\\/wp-content\\\/uploads\\\/2016\\\/04\\\/cropped-logo-wilmet-group-1.png\",\"width\":139,\"height\":55,\"caption\":\"Wilmet Group\"},\"image\":{\"@id\":\"https:\\\/\\\/www.wilmetgroup.be\\\/en\\\/#\\\/schema\\\/logo\\\/image\\\/\"}}]}<\/script>\n<!-- \/ Yoast SEO plugin. -->","yoast_head_json":{"title":"Historique - Wilmet Group","robots":{"index":"index","follow":"follow","max-snippet":"max-snippet:-1","max-image-preview":"max-image-preview:large","max-video-preview":"max-video-preview:-1"},"canonical":"https:\/\/www.wilmetgroup.be\/historique\/","og_locale":"fr_FR","og_type":"article","og_title":"Historique - Wilmet Group","og_description":"Fond\u00e9e\u00a0vers la fin &hellip; En savoir plus","og_url":"https:\/\/www.wilmetgroup.be\/historique\/","og_site_name":"Wilmet Group","article_modified_time":"2023-07-04T10:36:43+00:00","og_image":[{"width":1920,"height":1080,"url":"https:\/\/www.wilmetgroup.be\/wp-content\/uploads\/2022\/07\/auto-1868726-1920.jpg","type":"image\/jpeg"}],"twitter_card":"summary_large_image","twitter_misc":{"Dur\u00e9e de lecture estim\u00e9e":"2 minutes"},"schema":{"@context":"https:\/\/schema.org","@graph":[{"@type":"WebPage","@id":"https:\/\/www.wilmetgroup.be\/historique\/","url":"https:\/\/www.wilmetgroup.be\/historique\/","name":"Historique - Wilmet Group","isPartOf":{"@id":"https:\/\/www.wilmetgroup.be\/en\/#website"},"primaryImageOfPage":{"@id":"https:\/\/www.wilmetgroup.be\/historique\/#primaryimage"},"image":{"@id":"https:\/\/www.wilmetgroup.be\/historique\/#primaryimage"},"thumbnailUrl":"\/wp-content\/uploads\/2022\/07\/auto-1868726-1920.jpg","datePublished":"2016-03-31T14:01:50+00:00","dateModified":"2023-07-04T10:36:43+00:00","breadcrumb":{"@id":"https:\/\/www.wilmetgroup.be\/historique\/#breadcrumb"},"inLanguage":"fr-FR","potentialAction":[{"@type":"ReadAction","target":["https:\/\/www.wilmetgroup.be\/historique\/"]}]},{"@type":"ImageObject","inLanguage":"fr-FR","@id":"https:\/\/www.wilmetgroup.be\/historique\/#primaryimage","url":"\/wp-content\/uploads\/2022\/07\/auto-1868726-1920.jpg","contentUrl":"\/wp-content\/uploads\/2022\/07\/auto-1868726-1920.jpg","width":1920,"height":1080},{"@type":"BreadcrumbList","@id":"https:\/\/www.wilmetgroup.be\/historique\/#breadcrumb","itemListElement":[{"@type":"ListItem","position":1,"name":"Accueil","item":"https:\/\/www.wilmetgroup.be\/fr\/"},{"@type":"ListItem","position":2,"name":"Historique"}]},{"@type":"WebSite","@id":"https:\/\/www.wilmetgroup.be\/en\/#website","url":"https:\/\/www.wilmetgroup.be\/en\/","name":"Wilmet Group","description":"Local Recycling For A Cleaner World","publisher":{"@id":"https:\/\/www.wilmetgroup.be\/en\/#organization"},"potentialAction":[{"@type":"SearchAction","target":{"@type":"EntryPoint","urlTemplate":"https:\/\/www.wilmetgroup.be\/en\/search\/{search_term_string}"},"query-input":{"@type":"PropertyValueSpecification","valueRequired":true,"valueName":"search_term_string"}}],"inLanguage":"fr-FR"},{"@type":"Organization","@id":"https:\/\/www.wilmetgroup.be\/en\/#organization","name":"Wilmet Group","url":"https:\/\/www.wilmetgroup.be\/en\/","logo":{"@type":"ImageObject","inLanguage":"fr-FR","@id":"https:\/\/www.wilmetgroup.be\/en\/#\/schema\/logo\/image\/","url":"\/wp-content\/uploads\/2016\/04\/cropped-logo-wilmet-group-1.png","contentUrl":"\/wp-content\/uploads\/2016\/04\/cropped-logo-wilmet-group-1.png","width":139,"height":55,"caption":"Wilmet Group"},"image":{"@id":"https:\/\/www.wilmetgroup.be\/en\/#\/schema\/logo\/image\/"}}]}},"_links":{"self":[{"href":"https:\/\/www.wilmetgroup.be\/fr\/wp-json\/wp\/v2\/pages\/34","targetHints":{"allow":["GET"]}}],"collection":[{"href":"https:\/\/www.wilmetgroup.be\/fr\/wp-json\/wp\/v2\/pages"}],"about":[{"href":"https:\/\/www.wilmetgroup.be\/fr\/wp-json\/wp\/v2\/types\/page"}],"author":[{"embeddable":true,"href":"https:\/\/www.wilmetgroup.be\/fr\/wp-json\/wp\/v2\/users\/1"}],"replies":[{"embeddable":true,"href":"https:\/\/www.wilmetgroup.be\/fr\/wp-json\/wp\/v2\/comments?post=34"}],"version-history":[{"count":37,"href":"https:\/\/www.wilmetgroup.be\/fr\/wp-json\/wp\/v2\/pages\/34\/revisions"}],"predecessor-version":[{"id":3097,"href":"https:\/\/www.wilmetgroup.be\/fr\/wp-json\/wp\/v2\/pages\/34\/revisions\/3097"}],"wp:featuredmedia":[{"embeddable":true,"href":"https:\/\/www.wilmetgroup.be\/fr\/wp-json\/wp\/v2\/media\/2813"}],"wp:attachment":[{"href":"https:\/\/www.wilmetgroup.be\/fr\/wp-json\/wp\/v2\/media?parent=34"}],"curies":[{"name":"wp","href":"https:\/\/api.w.org\/{rel}","templated":true}]}}