{"id":36,"date":"2016-03-31T15:02:15","date_gmt":"2016-03-31T14:02:15","guid":{"rendered":"https:\/\/www.wilmetgroup.be\/fr\/?page_id=36"},"modified":"2023-07-04T11:37:54","modified_gmt":"2023-07-04T10:37:54","slug":"organigramme-wilmet-group","status":"publish","type":"page","link":"https:\/\/www.wilmetgroup.be\/fr\/organigramme-wilmet-group\/","title":{"rendered":"Organigramme"},"content":{"rendered":"<p>A l&rsquo;heure actuelle, le Groupe Wilmet poss\u00e8de 5 filiales, chacune active dans la collecte, le tri et le conditionnement de d\u00e9chets.<\/p>\n<p>Chaque site , fonctionne comme une unit\u00e9 ind\u00e9pendante et est dirig\u00e9 par un directeur, qui en est \u00e0 la fois le responsable commercial.<\/p>\n<p>L\u2019ensemble des filiales est chapeaut\u00e9 par l\u2019administrateur-d\u00e9l\u00e9gu\u00e9 Mr Colas, \u00e0 l\u2019exception de Wilmet Namur dont la direction et la gestion ont \u00e9t\u00e9 reprises par Bastien Wilmet et Guillaume ABRAS, deux enfants de la famille Wilmet.<\/p>\n<p><!--more--><\/p>\n<p>&nbsp;<\/p>\n<p>&nbsp;<\/p>\n","protected":false},"excerpt":{"rendered":"<p>A l&rsquo;heure actuelle, &hellip; <a href=\"https:\/\/www.wilmetgroup.be\/fr\/organigramme-wilmet-group\/\">En savoir plus<\/a><\/p>\n","protected":false},"author":1,"featured_media":2816,"parent":0,"menu_order":63,"comment_status":"closed","ping_status":"closed","template":"","meta":{"_acf_changed":false,"footnotes":""},"class_list":["post-36","page","type-page","status-publish","has-post-thumbnail","hentry"],"acf":[],"yoast_head":"<!-- This site is optimized with the Yoast SEO plugin v27.6 - https:\/\/yoast.com\/product\/yoast-seo-wordpress\/ -->\n<title>Organigramme - Wilmet Group<\/title>\n<meta name=\"description\" content=\"Le groupe Wilmet est compos\u00e9 de 4 filiales activent dans le recyclage de d\u00e9chets. Chaque unit\u00e9 est ind\u00e9pendante des autres et dirig\u00e9 par un directeur.\" \/>\n<meta name=\"robots\" content=\"index, follow, max-snippet:-1, max-image-preview:large, max-video-preview:-1\" \/>\n<link rel=\"canonical\" href=\"https:\/\/www.wilmetgroup.be\/organigramme-wilmet-group\/\" \/>\n<meta property=\"og:locale\" content=\"fr_FR\" \/>\n<meta property=\"og:type\" content=\"article\" \/>\n<meta property=\"og:title\" content=\"Organigramme - Wilmet Group\" \/>\n<meta property=\"og:description\" content=\"Le groupe Wilmet est compos\u00e9 de 4 filiales activent dans le recyclage de d\u00e9chets. Chaque unit\u00e9 est ind\u00e9pendante des autres et dirig\u00e9 par un directeur.\" \/>\n<meta property=\"og:url\" content=\"https:\/\/www.wilmetgroup.be\/organigramme-wilmet-group\/\" \/>\n<meta property=\"og:site_name\" content=\"Wilmet Group\" \/>\n<meta property=\"article:modified_time\" content=\"2023-07-04T10:37:54+00:00\" \/>\n<meta property=\"og:image\" content=\"https:\/\/www.wilmetgroup.be\/wp-content\/uploads\/2022\/07\/family-tree-295298.png\" \/>\n\t<meta property=\"og:image:width\" content=\"1920\" \/>\n\t<meta property=\"og:image:height\" content=\"1895\" \/>\n\t<meta property=\"og:image:type\" content=\"image\/png\" \/>\n<meta name=\"twitter:card\" content=\"summary_large_image\" \/>\n<meta name=\"twitter:label1\" content=\"Dur\u00e9e de lecture estim\u00e9e\" \/>\n\t<meta name=\"twitter:data1\" content=\"1 minute\" \/>\n<script type=\"application\/ld+json\" class=\"yoast-schema-graph\">{\"@context\":\"https:\\\/\\\/schema.org\",\"@graph\":[{\"@type\":\"WebPage\",\"@id\":\"https:\\\/\\\/www.wilmetgroup.be\\\/organigramme-wilmet-group\\\/\",\"url\":\"https:\\\/\\\/www.wilmetgroup.be\\\/organigramme-wilmet-group\\\/\",\"name\":\"Organigramme - Wilmet Group\",\"isPartOf\":{\"@id\":\"https:\\\/\\\/www.wilmetgroup.be\\\/en\\\/#website\"},\"primaryImageOfPage\":{\"@id\":\"https:\\\/\\\/www.wilmetgroup.be\\\/organigramme-wilmet-group\\\/#primaryimage\"},\"image\":{\"@id\":\"https:\\\/\\\/www.wilmetgroup.be\\\/organigramme-wilmet-group\\\/#primaryimage\"},\"thumbnailUrl\":\"\\\/wp-content\\\/uploads\\\/2022\\\/07\\\/family-tree-295298.png\",\"datePublished\":\"2016-03-31T14:02:15+00:00\",\"dateModified\":\"2023-07-04T10:37:54+00:00\",\"description\":\"Le groupe Wilmet est compos\u00e9 de 4 filiales activent dans le recyclage de d\u00e9chets. Chaque unit\u00e9 est ind\u00e9pendante des autres et dirig\u00e9 par un directeur.\",\"breadcrumb\":{\"@id\":\"https:\\\/\\\/www.wilmetgroup.be\\\/organigramme-wilmet-group\\\/#breadcrumb\"},\"inLanguage\":\"fr-FR\",\"potentialAction\":[{\"@type\":\"ReadAction\",\"target\":[\"https:\\\/\\\/www.wilmetgroup.be\\\/organigramme-wilmet-group\\\/\"]}]},{\"@type\":\"ImageObject\",\"inLanguage\":\"fr-FR\",\"@id\":\"https:\\\/\\\/www.wilmetgroup.be\\\/organigramme-wilmet-group\\\/#primaryimage\",\"url\":\"\\\/wp-content\\\/uploads\\\/2022\\\/07\\\/family-tree-295298.png\",\"contentUrl\":\"\\\/wp-content\\\/uploads\\\/2022\\\/07\\\/family-tree-295298.png\",\"width\":1920,\"height\":1895},{\"@type\":\"BreadcrumbList\",\"@id\":\"https:\\\/\\\/www.wilmetgroup.be\\\/organigramme-wilmet-group\\\/#breadcrumb\",\"itemListElement\":[{\"@type\":\"ListItem\",\"position\":1,\"name\":\"Accueil\",\"item\":\"https:\\\/\\\/www.wilmetgroup.be\\\/fr\\\/\"},{\"@type\":\"ListItem\",\"position\":2,\"name\":\"Organigramme\"}]},{\"@type\":\"WebSite\",\"@id\":\"https:\\\/\\\/www.wilmetgroup.be\\\/en\\\/#website\",\"url\":\"https:\\\/\\\/www.wilmetgroup.be\\\/en\\\/\",\"name\":\"Wilmet Group\",\"description\":\"Local Recycling For A Cleaner World\",\"publisher\":{\"@id\":\"https:\\\/\\\/www.wilmetgroup.be\\\/en\\\/#organization\"},\"potentialAction\":[{\"@type\":\"SearchAction\",\"target\":{\"@type\":\"EntryPoint\",\"urlTemplate\":\"https:\\\/\\\/www.wilmetgroup.be\\\/en\\\/search\\\/{search_term_string}\"},\"query-input\":{\"@type\":\"PropertyValueSpecification\",\"valueRequired\":true,\"valueName\":\"search_term_string\"}}],\"inLanguage\":\"fr-FR\"},{\"@type\":\"Organization\",\"@id\":\"https:\\\/\\\/www.wilmetgroup.be\\\/en\\\/#organization\",\"name\":\"Wilmet Group\",\"url\":\"https:\\\/\\\/www.wilmetgroup.be\\\/en\\\/\",\"logo\":{\"@type\":\"ImageObject\",\"inLanguage\":\"fr-FR\",\"@id\":\"https:\\\/\\\/www.wilmetgroup.be\\\/en\\\/#\\\/schema\\\/logo\\\/image\\\/\",\"url\":\"\\\/wp-content\\\/uploads\\\/2016\\\/04\\\/cropped-logo-wilmet-group-1.png\",\"contentUrl\":\"\\\/wp-content\\\/uploads\\\/2016\\\/04\\\/cropped-logo-wilmet-group-1.png\",\"width\":139,\"height\":55,\"caption\":\"Wilmet Group\"},\"image\":{\"@id\":\"https:\\\/\\\/www.wilmetgroup.be\\\/en\\\/#\\\/schema\\\/logo\\\/image\\\/\"}}]}<\/script>\n<!-- \/ Yoast SEO plugin. -->","yoast_head_json":{"title":"Organigramme - Wilmet Group","description":"Le groupe Wilmet est compos\u00e9 de 4 filiales activent dans le recyclage de d\u00e9chets. Chaque unit\u00e9 est ind\u00e9pendante des autres et dirig\u00e9 par un directeur.","robots":{"index":"index","follow":"follow","max-snippet":"max-snippet:-1","max-image-preview":"max-image-preview:large","max-video-preview":"max-video-preview:-1"},"canonical":"https:\/\/www.wilmetgroup.be\/organigramme-wilmet-group\/","og_locale":"fr_FR","og_type":"article","og_title":"Organigramme - Wilmet Group","og_description":"Le groupe Wilmet est compos\u00e9 de 4 filiales activent dans le recyclage de d\u00e9chets. Chaque unit\u00e9 est ind\u00e9pendante des autres et dirig\u00e9 par un directeur.","og_url":"https:\/\/www.wilmetgroup.be\/organigramme-wilmet-group\/","og_site_name":"Wilmet Group","article_modified_time":"2023-07-04T10:37:54+00:00","og_image":[{"width":1920,"height":1895,"url":"https:\/\/www.wilmetgroup.be\/wp-content\/uploads\/2022\/07\/family-tree-295298.png","type":"image\/png"}],"twitter_card":"summary_large_image","twitter_misc":{"Dur\u00e9e de lecture estim\u00e9e":"1 minute"},"schema":{"@context":"https:\/\/schema.org","@graph":[{"@type":"WebPage","@id":"https:\/\/www.wilmetgroup.be\/organigramme-wilmet-group\/","url":"https:\/\/www.wilmetgroup.be\/organigramme-wilmet-group\/","name":"Organigramme - Wilmet Group","isPartOf":{"@id":"https:\/\/www.wilmetgroup.be\/en\/#website"},"primaryImageOfPage":{"@id":"https:\/\/www.wilmetgroup.be\/organigramme-wilmet-group\/#primaryimage"},"image":{"@id":"https:\/\/www.wilmetgroup.be\/organigramme-wilmet-group\/#primaryimage"},"thumbnailUrl":"\/wp-content\/uploads\/2022\/07\/family-tree-295298.png","datePublished":"2016-03-31T14:02:15+00:00","dateModified":"2023-07-04T10:37:54+00:00","description":"Le groupe Wilmet est compos\u00e9 de 4 filiales activent dans le recyclage de d\u00e9chets. Chaque unit\u00e9 est ind\u00e9pendante des autres et dirig\u00e9 par un directeur.","breadcrumb":{"@id":"https:\/\/www.wilmetgroup.be\/organigramme-wilmet-group\/#breadcrumb"},"inLanguage":"fr-FR","potentialAction":[{"@type":"ReadAction","target":["https:\/\/www.wilmetgroup.be\/organigramme-wilmet-group\/"]}]},{"@type":"ImageObject","inLanguage":"fr-FR","@id":"https:\/\/www.wilmetgroup.be\/organigramme-wilmet-group\/#primaryimage","url":"\/wp-content\/uploads\/2022\/07\/family-tree-295298.png","contentUrl":"\/wp-content\/uploads\/2022\/07\/family-tree-295298.png","width":1920,"height":1895},{"@type":"BreadcrumbList","@id":"https:\/\/www.wilmetgroup.be\/organigramme-wilmet-group\/#breadcrumb","itemListElement":[{"@type":"ListItem","position":1,"name":"Accueil","item":"https:\/\/www.wilmetgroup.be\/fr\/"},{"@type":"ListItem","position":2,"name":"Organigramme"}]},{"@type":"WebSite","@id":"https:\/\/www.wilmetgroup.be\/en\/#website","url":"https:\/\/www.wilmetgroup.be\/en\/","name":"Wilmet Group","description":"Local Recycling For A Cleaner World","publisher":{"@id":"https:\/\/www.wilmetgroup.be\/en\/#organization"},"potentialAction":[{"@type":"SearchAction","target":{"@type":"EntryPoint","urlTemplate":"https:\/\/www.wilmetgroup.be\/en\/search\/{search_term_string}"},"query-input":{"@type":"PropertyValueSpecification","valueRequired":true,"valueName":"search_term_string"}}],"inLanguage":"fr-FR"},{"@type":"Organization","@id":"https:\/\/www.wilmetgroup.be\/en\/#organization","name":"Wilmet Group","url":"https:\/\/www.wilmetgroup.be\/en\/","logo":{"@type":"ImageObject","inLanguage":"fr-FR","@id":"https:\/\/www.wilmetgroup.be\/en\/#\/schema\/logo\/image\/","url":"\/wp-content\/uploads\/2016\/04\/cropped-logo-wilmet-group-1.png","contentUrl":"\/wp-content\/uploads\/2016\/04\/cropped-logo-wilmet-group-1.png","width":139,"height":55,"caption":"Wilmet Group"},"image":{"@id":"https:\/\/www.wilmetgroup.be\/en\/#\/schema\/logo\/image\/"}}]}},"_links":{"self":[{"href":"https:\/\/www.wilmetgroup.be\/fr\/wp-json\/wp\/v2\/pages\/36","targetHints":{"allow":["GET"]}}],"collection":[{"href":"https:\/\/www.wilmetgroup.be\/fr\/wp-json\/wp\/v2\/pages"}],"about":[{"href":"https:\/\/www.wilmetgroup.be\/fr\/wp-json\/wp\/v2\/types\/page"}],"author":[{"embeddable":true,"href":"https:\/\/www.wilmetgroup.be\/fr\/wp-json\/wp\/v2\/users\/1"}],"replies":[{"embeddable":true,"href":"https:\/\/www.wilmetgroup.be\/fr\/wp-json\/wp\/v2\/comments?post=36"}],"version-history":[{"count":23,"href":"https:\/\/www.wilmetgroup.be\/fr\/wp-json\/wp\/v2\/pages\/36\/revisions"}],"predecessor-version":[{"id":3098,"href":"https:\/\/www.wilmetgroup.be\/fr\/wp-json\/wp\/v2\/pages\/36\/revisions\/3098"}],"wp:featuredmedia":[{"embeddable":true,"href":"https:\/\/www.wilmetgroup.be\/fr\/wp-json\/wp\/v2\/media\/2816"}],"wp:attachment":[{"href":"https:\/\/www.wilmetgroup.be\/fr\/wp-json\/wp\/v2\/media?parent=36"}],"curies":[{"name":"wp","href":"https:\/\/api.w.org\/{rel}","templated":true}]}}