{"id":38,"date":"2016-03-31T15:02:44","date_gmt":"2016-03-31T14:02:44","guid":{"rendered":"https:\/\/www.wilmetgroup.be\/fr\/?page_id=38"},"modified":"2023-02-02T15:45:59","modified_gmt":"2023-02-02T14:45:59","slug":"chiffres","status":"publish","type":"page","link":"https:\/\/www.wilmetgroup.be\/fr\/chiffres\/","title":{"rendered":"Chiffres"},"content":{"rendered":"<p>Le groupe Wilmet est avant tout un groupe familial qui travaille localement, concentrant ses activit\u00e9s sur la collecte, le tri, le conditionnement et le transport des d\u00e9chets.<\/p>\n<p>Tous les d\u00e9chets trait\u00e9s proviennent d&rsquo;activit\u00e9s industrielles situ\u00e9es \u00e0 200 km maximum de chacun de nos sites.<\/p>\n<p>Chaque tonne de d\u00e9chets est tri\u00e9e manuellement afin de garantir l\u2019homog\u00e9n\u00e9it\u00e9 des lots tri\u00e9s mais aussi afin d&rsquo;extraire ce qui peut l&rsquo;\u00eatre du circuit classique du recyclage (2\u00e8me main, r\u00e9paration, upcycling,..)<\/p>\n<p><!--more--><\/p>\n<p>&nbsp;<\/p>\n<p>&nbsp;<\/p>\n<p><img loading=\"lazy\" decoding=\"async\" class=\"alignnone wp-image-3078 size-full\" src=\"https:\/\/www.wilmetgroup.be\/wp-content\/uploads\/2023\/02\/capture-dexxcran-2023-02-02-axx-15.45.24.png\" alt=\"\" width=\"1326\" height=\"566\" srcset=\"https:\/\/www.wilmetgroup.be\/wp-content\/uploads\/2023\/02\/capture-dexxcran-2023-02-02-axx-15.45.24.png 1326w, https:\/\/www.wilmetgroup.be\/wp-content\/uploads\/2023\/02\/capture-dexxcran-2023-02-02-axx-15.45.24-300x128.png 300w, https:\/\/www.wilmetgroup.be\/wp-content\/uploads\/2023\/02\/capture-dexxcran-2023-02-02-axx-15.45.24-1024x437.png 1024w\" sizes=\"auto, (max-width: 1326px) 100vw, 1326px\" \/><\/p>\n<table style=\"height: 5px;\" border=\"0\" width=\"5\" cellspacing=\"0\" cellpadding=\"0\" align=\"left\">\n<tbody>\n<tr>\n<td><\/td>\n<td><\/td>\n<\/tr>\n<\/tbody>\n<\/table>\n","protected":false},"excerpt":{"rendered":"<p>Le groupe Wilmet &hellip; <a href=\"https:\/\/www.wilmetgroup.be\/fr\/chiffres\/\">En savoir plus<\/a><\/p>\n","protected":false},"author":1,"featured_media":2819,"parent":0,"menu_order":65,"comment_status":"closed","ping_status":"closed","template":"","meta":{"_acf_changed":false,"footnotes":""},"class_list":["post-38","page","type-page","status-publish","has-post-thumbnail","hentry"],"acf":[],"yoast_head":"<!-- This site is optimized with the Yoast SEO plugin v27.5 - https:\/\/yoast.com\/product\/yoast-seo-wordpress\/ -->\n<title>Chiffres - Wilmet Group<\/title>\n<meta name=\"robots\" content=\"index, follow, max-snippet:-1, max-image-preview:large, max-video-preview:-1\" \/>\n<link rel=\"canonical\" href=\"https:\/\/www.wilmetgroup.be\/chiffres\/\" \/>\n<meta property=\"og:locale\" content=\"fr_FR\" \/>\n<meta property=\"og:type\" content=\"article\" \/>\n<meta property=\"og:title\" content=\"Chiffres - Wilmet Group\" \/>\n<meta property=\"og:description\" content=\"Le groupe Wilmet &hellip; En savoir plus\" \/>\n<meta property=\"og:url\" content=\"https:\/\/www.wilmetgroup.be\/chiffres\/\" \/>\n<meta property=\"og:site_name\" content=\"Wilmet Group\" \/>\n<meta property=\"article:modified_time\" content=\"2023-02-02T14:45:59+00:00\" \/>\n<meta property=\"og:image\" content=\"https:\/\/www.wilmetgroup.be\/wp-content\/uploads\/2022\/07\/pay-937884-1920.jpg\" \/>\n\t<meta property=\"og:image:width\" content=\"1920\" \/>\n\t<meta property=\"og:image:height\" content=\"1279\" \/>\n\t<meta property=\"og:image:type\" content=\"image\/jpeg\" \/>\n<meta name=\"twitter:card\" content=\"summary_large_image\" \/>\n<meta name=\"twitter:label1\" content=\"Dur\u00e9e de lecture estim\u00e9e\" \/>\n\t<meta name=\"twitter:data1\" content=\"1 minute\" \/>\n<script type=\"application\/ld+json\" class=\"yoast-schema-graph\">{\"@context\":\"https:\\\/\\\/schema.org\",\"@graph\":[{\"@type\":\"WebPage\",\"@id\":\"https:\\\/\\\/www.wilmetgroup.be\\\/chiffres\\\/\",\"url\":\"https:\\\/\\\/www.wilmetgroup.be\\\/chiffres\\\/\",\"name\":\"Chiffres - Wilmet Group\",\"isPartOf\":{\"@id\":\"https:\\\/\\\/www.wilmetgroup.be\\\/en\\\/#website\"},\"primaryImageOfPage\":{\"@id\":\"https:\\\/\\\/www.wilmetgroup.be\\\/chiffres\\\/#primaryimage\"},\"image\":{\"@id\":\"https:\\\/\\\/www.wilmetgroup.be\\\/chiffres\\\/#primaryimage\"},\"thumbnailUrl\":\"\\\/wp-content\\\/uploads\\\/2022\\\/07\\\/pay-937884-1920.jpg\",\"datePublished\":\"2016-03-31T14:02:44+00:00\",\"dateModified\":\"2023-02-02T14:45:59+00:00\",\"breadcrumb\":{\"@id\":\"https:\\\/\\\/www.wilmetgroup.be\\\/chiffres\\\/#breadcrumb\"},\"inLanguage\":\"fr-FR\",\"potentialAction\":[{\"@type\":\"ReadAction\",\"target\":[\"https:\\\/\\\/www.wilmetgroup.be\\\/chiffres\\\/\"]}]},{\"@type\":\"ImageObject\",\"inLanguage\":\"fr-FR\",\"@id\":\"https:\\\/\\\/www.wilmetgroup.be\\\/chiffres\\\/#primaryimage\",\"url\":\"\\\/wp-content\\\/uploads\\\/2022\\\/07\\\/pay-937884-1920.jpg\",\"contentUrl\":\"\\\/wp-content\\\/uploads\\\/2022\\\/07\\\/pay-937884-1920.jpg\",\"width\":1920,\"height\":1279},{\"@type\":\"BreadcrumbList\",\"@id\":\"https:\\\/\\\/www.wilmetgroup.be\\\/chiffres\\\/#breadcrumb\",\"itemListElement\":[{\"@type\":\"ListItem\",\"position\":1,\"name\":\"Accueil\",\"item\":\"https:\\\/\\\/www.wilmetgroup.be\\\/fr\\\/\"},{\"@type\":\"ListItem\",\"position\":2,\"name\":\"Chiffres\"}]},{\"@type\":\"WebSite\",\"@id\":\"https:\\\/\\\/www.wilmetgroup.be\\\/en\\\/#website\",\"url\":\"https:\\\/\\\/www.wilmetgroup.be\\\/en\\\/\",\"name\":\"Wilmet Group\",\"description\":\"Local Recycling For A Cleaner World\",\"publisher\":{\"@id\":\"https:\\\/\\\/www.wilmetgroup.be\\\/en\\\/#organization\"},\"potentialAction\":[{\"@type\":\"SearchAction\",\"target\":{\"@type\":\"EntryPoint\",\"urlTemplate\":\"https:\\\/\\\/www.wilmetgroup.be\\\/en\\\/search\\\/{search_term_string}\"},\"query-input\":{\"@type\":\"PropertyValueSpecification\",\"valueRequired\":true,\"valueName\":\"search_term_string\"}}],\"inLanguage\":\"fr-FR\"},{\"@type\":\"Organization\",\"@id\":\"https:\\\/\\\/www.wilmetgroup.be\\\/en\\\/#organization\",\"name\":\"Wilmet Group\",\"url\":\"https:\\\/\\\/www.wilmetgroup.be\\\/en\\\/\",\"logo\":{\"@type\":\"ImageObject\",\"inLanguage\":\"fr-FR\",\"@id\":\"https:\\\/\\\/www.wilmetgroup.be\\\/en\\\/#\\\/schema\\\/logo\\\/image\\\/\",\"url\":\"\\\/wp-content\\\/uploads\\\/2016\\\/04\\\/cropped-logo-wilmet-group-1.png\",\"contentUrl\":\"\\\/wp-content\\\/uploads\\\/2016\\\/04\\\/cropped-logo-wilmet-group-1.png\",\"width\":139,\"height\":55,\"caption\":\"Wilmet Group\"},\"image\":{\"@id\":\"https:\\\/\\\/www.wilmetgroup.be\\\/en\\\/#\\\/schema\\\/logo\\\/image\\\/\"}}]}<\/script>\n<!-- \/ Yoast SEO plugin. -->","yoast_head_json":{"title":"Chiffres - Wilmet Group","robots":{"index":"index","follow":"follow","max-snippet":"max-snippet:-1","max-image-preview":"max-image-preview:large","max-video-preview":"max-video-preview:-1"},"canonical":"https:\/\/www.wilmetgroup.be\/chiffres\/","og_locale":"fr_FR","og_type":"article","og_title":"Chiffres - Wilmet Group","og_description":"Le groupe Wilmet &hellip; En savoir plus","og_url":"https:\/\/www.wilmetgroup.be\/chiffres\/","og_site_name":"Wilmet Group","article_modified_time":"2023-02-02T14:45:59+00:00","og_image":[{"width":1920,"height":1279,"url":"https:\/\/www.wilmetgroup.be\/wp-content\/uploads\/2022\/07\/pay-937884-1920.jpg","type":"image\/jpeg"}],"twitter_card":"summary_large_image","twitter_misc":{"Dur\u00e9e de lecture estim\u00e9e":"1 minute"},"schema":{"@context":"https:\/\/schema.org","@graph":[{"@type":"WebPage","@id":"https:\/\/www.wilmetgroup.be\/chiffres\/","url":"https:\/\/www.wilmetgroup.be\/chiffres\/","name":"Chiffres - Wilmet Group","isPartOf":{"@id":"https:\/\/www.wilmetgroup.be\/en\/#website"},"primaryImageOfPage":{"@id":"https:\/\/www.wilmetgroup.be\/chiffres\/#primaryimage"},"image":{"@id":"https:\/\/www.wilmetgroup.be\/chiffres\/#primaryimage"},"thumbnailUrl":"\/wp-content\/uploads\/2022\/07\/pay-937884-1920.jpg","datePublished":"2016-03-31T14:02:44+00:00","dateModified":"2023-02-02T14:45:59+00:00","breadcrumb":{"@id":"https:\/\/www.wilmetgroup.be\/chiffres\/#breadcrumb"},"inLanguage":"fr-FR","potentialAction":[{"@type":"ReadAction","target":["https:\/\/www.wilmetgroup.be\/chiffres\/"]}]},{"@type":"ImageObject","inLanguage":"fr-FR","@id":"https:\/\/www.wilmetgroup.be\/chiffres\/#primaryimage","url":"\/wp-content\/uploads\/2022\/07\/pay-937884-1920.jpg","contentUrl":"\/wp-content\/uploads\/2022\/07\/pay-937884-1920.jpg","width":1920,"height":1279},{"@type":"BreadcrumbList","@id":"https:\/\/www.wilmetgroup.be\/chiffres\/#breadcrumb","itemListElement":[{"@type":"ListItem","position":1,"name":"Accueil","item":"https:\/\/www.wilmetgroup.be\/fr\/"},{"@type":"ListItem","position":2,"name":"Chiffres"}]},{"@type":"WebSite","@id":"https:\/\/www.wilmetgroup.be\/en\/#website","url":"https:\/\/www.wilmetgroup.be\/en\/","name":"Wilmet Group","description":"Local Recycling For A Cleaner World","publisher":{"@id":"https:\/\/www.wilmetgroup.be\/en\/#organization"},"potentialAction":[{"@type":"SearchAction","target":{"@type":"EntryPoint","urlTemplate":"https:\/\/www.wilmetgroup.be\/en\/search\/{search_term_string}"},"query-input":{"@type":"PropertyValueSpecification","valueRequired":true,"valueName":"search_term_string"}}],"inLanguage":"fr-FR"},{"@type":"Organization","@id":"https:\/\/www.wilmetgroup.be\/en\/#organization","name":"Wilmet Group","url":"https:\/\/www.wilmetgroup.be\/en\/","logo":{"@type":"ImageObject","inLanguage":"fr-FR","@id":"https:\/\/www.wilmetgroup.be\/en\/#\/schema\/logo\/image\/","url":"\/wp-content\/uploads\/2016\/04\/cropped-logo-wilmet-group-1.png","contentUrl":"\/wp-content\/uploads\/2016\/04\/cropped-logo-wilmet-group-1.png","width":139,"height":55,"caption":"Wilmet Group"},"image":{"@id":"https:\/\/www.wilmetgroup.be\/en\/#\/schema\/logo\/image\/"}}]}},"_links":{"self":[{"href":"https:\/\/www.wilmetgroup.be\/fr\/wp-json\/wp\/v2\/pages\/38","targetHints":{"allow":["GET"]}}],"collection":[{"href":"https:\/\/www.wilmetgroup.be\/fr\/wp-json\/wp\/v2\/pages"}],"about":[{"href":"https:\/\/www.wilmetgroup.be\/fr\/wp-json\/wp\/v2\/types\/page"}],"author":[{"embeddable":true,"href":"https:\/\/www.wilmetgroup.be\/fr\/wp-json\/wp\/v2\/users\/1"}],"replies":[{"embeddable":true,"href":"https:\/\/www.wilmetgroup.be\/fr\/wp-json\/wp\/v2\/comments?post=38"}],"version-history":[{"count":18,"href":"https:\/\/www.wilmetgroup.be\/fr\/wp-json\/wp\/v2\/pages\/38\/revisions"}],"predecessor-version":[{"id":3081,"href":"https:\/\/www.wilmetgroup.be\/fr\/wp-json\/wp\/v2\/pages\/38\/revisions\/3081"}],"wp:featuredmedia":[{"embeddable":true,"href":"https:\/\/www.wilmetgroup.be\/fr\/wp-json\/wp\/v2\/media\/2819"}],"wp:attachment":[{"href":"https:\/\/www.wilmetgroup.be\/fr\/wp-json\/wp\/v2\/media?parent=38"}],"curies":[{"name":"wp","href":"https:\/\/api.w.org\/{rel}","templated":true}]}}