{"id":44,"date":"2016-03-31T15:43:43","date_gmt":"2016-03-31T14:43:43","guid":{"rendered":"https:\/\/www.wilmetgroup.be\/fr\/?page_id=44"},"modified":"2023-02-02T15:14:47","modified_gmt":"2023-02-02T14:14:47","slug":"reuse","status":"publish","type":"page","link":"https:\/\/www.wilmetgroup.be\/fr\/wilmet-group\/wilmet-acteur-de-leconomie-circulaire\/reuse\/","title":{"rendered":"ReUse : Donner une nouvelle utilit\u00e9 aux d\u00e9chets"},"content":{"rendered":"<div class=\"mainContainer clearfix\">\n<div class=\"relatifArt\">\n<div>\n<p>On parle de r\u00e9utilisation ou ReUse dans le domaine des d\u00e9chets lorsqu&rsquo;il\u00a0s&rsquo;agit de transformer un objet pour lui donner une fonction nouvelle au lieu de le jeter.<\/p>\n<p>On lui donne ainsi une deuxi\u00e8me vie et une autre utilit\u00e9, ce qui augmente consid\u00e9rablement son cycle de vie de l\u2019objet et diminue le nombre d\u2019objets jet\u00e9s.<\/p>\n<\/div>\n<\/div>\n<\/div>\n<p><!--more--><\/p>\n<div class=\"mainContainer clearfix\">\n<div class=\"relatifArt\">\n<p>Le groupe Wilmet a depuis toujours ouvert les portes de ses diff\u00e9rents centres de tri aux particuliers d\u00e9sireux de r\u00e9cup\u00e9rer des objets.<\/p>\n<p>Bricoleurs et artistes plasticiens se croisent r\u00e9guli\u00e8rement \u00e0 la recherche de la perle rare.<\/p>\n<p>De cette mani\u00e8re, nous contribuons \u00e0 sortir certains objets du circuit \u00ab\u00a0recyclage\u00a0\u00bb vers la fili\u00e8re \u00ab\u00a0r\u00e9utilisation\u00a0\u00bb moins \u00e9nergivore.<\/p>\n<p>Conscients de l&rsquo;utilit\u00e9 de structurer cette activit\u00e9, nous sommes en contact avec plusieurs associations pour \u00e9tendre nos activit\u00e9s dans\u00a0ce sens.<\/p>\n<p>En voici quelques exemples concrets.<\/p>\n<\/div>\n<\/div>\n<div><\/div>\n<p>&nbsp;<\/p>\n<p>&nbsp;<\/p>\n<p>&nbsp;<\/p>\n<p>&nbsp;<\/p>\n","protected":false},"excerpt":{"rendered":"<p>On parle de &hellip; <a href=\"https:\/\/www.wilmetgroup.be\/fr\/wilmet-group\/wilmet-acteur-de-leconomie-circulaire\/reuse\/\">En savoir plus<\/a><\/p>\n","protected":false},"author":1,"featured_media":78,"parent":42,"menu_order":32,"comment_status":"closed","ping_status":"closed","template":"","meta":{"_acf_changed":false,"footnotes":""},"class_list":["post-44","page","type-page","status-publish","has-post-thumbnail","hentry"],"acf":[],"yoast_head":"<!-- This site is optimized with the Yoast SEO plugin v27.5 - https:\/\/yoast.com\/product\/yoast-seo-wordpress\/ -->\n<title>ReUse : Donner une nouvelle utilit\u00e9 aux d\u00e9chets - Wilmet Group<\/title>\n<meta name=\"description\" content=\"Le terme r\u00e9utilisation ou ReUSe dans le domaine des d\u00e9chets d\u00e9signe la transformation d&#039;un objet pour lui donner une nouvelle utilit\u00e9.\" \/>\n<meta name=\"robots\" content=\"index, follow, max-snippet:-1, max-image-preview:large, max-video-preview:-1\" \/>\n<link rel=\"canonical\" href=\"https:\/\/www.wilmetgroup.be\/fr\/wilmet-group\/wilmet-acteur-de-leconomie-circulaire\/reuse\/\" \/>\n<meta property=\"og:locale\" content=\"fr_FR\" \/>\n<meta property=\"og:type\" content=\"article\" \/>\n<meta property=\"og:title\" content=\"ReUse : Donner une nouvelle utilit\u00e9 aux d\u00e9chets - Wilmet Group\" \/>\n<meta property=\"og:description\" content=\"Le terme r\u00e9utilisation ou ReUSe dans le domaine des d\u00e9chets d\u00e9signe la transformation d&#039;un objet pour lui donner une nouvelle utilit\u00e9.\" \/>\n<meta property=\"og:url\" content=\"https:\/\/www.wilmetgroup.be\/fr\/wilmet-group\/wilmet-acteur-de-leconomie-circulaire\/reuse\/\" \/>\n<meta property=\"og:site_name\" content=\"Wilmet Group\" \/>\n<meta property=\"article:modified_time\" content=\"2023-02-02T14:14:47+00:00\" \/>\n<meta property=\"og:image\" content=\"https:\/\/www.wilmetgroup.be\/wp-content\/uploads\/2016\/03\/icon-reuse.png\" \/>\n\t<meta property=\"og:image:width\" content=\"65\" \/>\n\t<meta property=\"og:image:height\" content=\"60\" \/>\n\t<meta property=\"og:image:type\" content=\"image\/png\" \/>\n<meta name=\"twitter:card\" content=\"summary_large_image\" \/>\n<meta name=\"twitter:label1\" content=\"Dur\u00e9e de lecture estim\u00e9e\" \/>\n\t<meta name=\"twitter:data1\" content=\"1 minute\" \/>\n<script type=\"application\/ld+json\" class=\"yoast-schema-graph\">{\"@context\":\"https:\\\/\\\/schema.org\",\"@graph\":[{\"@type\":\"WebPage\",\"@id\":\"https:\\\/\\\/www.wilmetgroup.be\\\/fr\\\/wilmet-group\\\/wilmet-acteur-de-leconomie-circulaire\\\/reuse\\\/\",\"url\":\"https:\\\/\\\/www.wilmetgroup.be\\\/fr\\\/wilmet-group\\\/wilmet-acteur-de-leconomie-circulaire\\\/reuse\\\/\",\"name\":\"ReUse : Donner une nouvelle utilit\u00e9 aux d\u00e9chets - Wilmet Group\",\"isPartOf\":{\"@id\":\"https:\\\/\\\/www.wilmetgroup.be\\\/en\\\/#website\"},\"primaryImageOfPage\":{\"@id\":\"https:\\\/\\\/www.wilmetgroup.be\\\/fr\\\/wilmet-group\\\/wilmet-acteur-de-leconomie-circulaire\\\/reuse\\\/#primaryimage\"},\"image\":{\"@id\":\"https:\\\/\\\/www.wilmetgroup.be\\\/fr\\\/wilmet-group\\\/wilmet-acteur-de-leconomie-circulaire\\\/reuse\\\/#primaryimage\"},\"thumbnailUrl\":\"\\\/wp-content\\\/uploads\\\/2016\\\/03\\\/icon-reuse.png\",\"datePublished\":\"2016-03-31T14:43:43+00:00\",\"dateModified\":\"2023-02-02T14:14:47+00:00\",\"description\":\"Le terme r\u00e9utilisation ou ReUSe dans le domaine des d\u00e9chets d\u00e9signe la transformation d'un objet pour lui donner une nouvelle utilit\u00e9.\",\"breadcrumb\":{\"@id\":\"https:\\\/\\\/www.wilmetgroup.be\\\/fr\\\/wilmet-group\\\/wilmet-acteur-de-leconomie-circulaire\\\/reuse\\\/#breadcrumb\"},\"inLanguage\":\"fr-FR\",\"potentialAction\":[{\"@type\":\"ReadAction\",\"target\":[\"https:\\\/\\\/www.wilmetgroup.be\\\/fr\\\/wilmet-group\\\/wilmet-acteur-de-leconomie-circulaire\\\/reuse\\\/\"]}]},{\"@type\":\"ImageObject\",\"inLanguage\":\"fr-FR\",\"@id\":\"https:\\\/\\\/www.wilmetgroup.be\\\/fr\\\/wilmet-group\\\/wilmet-acteur-de-leconomie-circulaire\\\/reuse\\\/#primaryimage\",\"url\":\"\\\/wp-content\\\/uploads\\\/2016\\\/03\\\/icon-reuse.png\",\"contentUrl\":\"\\\/wp-content\\\/uploads\\\/2016\\\/03\\\/icon-reuse.png\",\"width\":65,\"height\":60},{\"@type\":\"BreadcrumbList\",\"@id\":\"https:\\\/\\\/www.wilmetgroup.be\\\/fr\\\/wilmet-group\\\/wilmet-acteur-de-leconomie-circulaire\\\/reuse\\\/#breadcrumb\",\"itemListElement\":[{\"@type\":\"ListItem\",\"position\":1,\"name\":\"Accueil\",\"item\":\"https:\\\/\\\/www.wilmetgroup.be\\\/fr\\\/\"},{\"@type\":\"ListItem\",\"position\":2,\"name\":\"Accueil\",\"item\":\"https:\\\/\\\/www.wilmetgroup.be\\\/fr\\\/\"},{\"@type\":\"ListItem\",\"position\":3,\"name\":\"Wilmet, acteur de l&rsquo;\u00e9conomie circulaire\",\"item\":\"https:\\\/\\\/www.wilmetgroup.be\\\/fr\\\/wilmet-group\\\/wilmet-acteur-de-leconomie-circulaire\\\/\"},{\"@type\":\"ListItem\",\"position\":4,\"name\":\"ReUse : Donner une nouvelle utilit\u00e9 aux d\u00e9chets\"}]},{\"@type\":\"WebSite\",\"@id\":\"https:\\\/\\\/www.wilmetgroup.be\\\/en\\\/#website\",\"url\":\"https:\\\/\\\/www.wilmetgroup.be\\\/en\\\/\",\"name\":\"Wilmet Group\",\"description\":\"Local Recycling For A Cleaner World\",\"publisher\":{\"@id\":\"https:\\\/\\\/www.wilmetgroup.be\\\/en\\\/#organization\"},\"potentialAction\":[{\"@type\":\"SearchAction\",\"target\":{\"@type\":\"EntryPoint\",\"urlTemplate\":\"https:\\\/\\\/www.wilmetgroup.be\\\/en\\\/search\\\/{search_term_string}\"},\"query-input\":{\"@type\":\"PropertyValueSpecification\",\"valueRequired\":true,\"valueName\":\"search_term_string\"}}],\"inLanguage\":\"fr-FR\"},{\"@type\":\"Organization\",\"@id\":\"https:\\\/\\\/www.wilmetgroup.be\\\/en\\\/#organization\",\"name\":\"Wilmet Group\",\"url\":\"https:\\\/\\\/www.wilmetgroup.be\\\/en\\\/\",\"logo\":{\"@type\":\"ImageObject\",\"inLanguage\":\"fr-FR\",\"@id\":\"https:\\\/\\\/www.wilmetgroup.be\\\/en\\\/#\\\/schema\\\/logo\\\/image\\\/\",\"url\":\"\\\/wp-content\\\/uploads\\\/2016\\\/04\\\/cropped-logo-wilmet-group-1.png\",\"contentUrl\":\"\\\/wp-content\\\/uploads\\\/2016\\\/04\\\/cropped-logo-wilmet-group-1.png\",\"width\":139,\"height\":55,\"caption\":\"Wilmet Group\"},\"image\":{\"@id\":\"https:\\\/\\\/www.wilmetgroup.be\\\/en\\\/#\\\/schema\\\/logo\\\/image\\\/\"}}]}<\/script>\n<!-- \/ Yoast SEO plugin. -->","yoast_head_json":{"title":"ReUse : Donner une nouvelle utilit\u00e9 aux d\u00e9chets - Wilmet Group","description":"Le terme r\u00e9utilisation ou ReUSe dans le domaine des d\u00e9chets d\u00e9signe la transformation d'un objet pour lui donner une nouvelle utilit\u00e9.","robots":{"index":"index","follow":"follow","max-snippet":"max-snippet:-1","max-image-preview":"max-image-preview:large","max-video-preview":"max-video-preview:-1"},"canonical":"https:\/\/www.wilmetgroup.be\/fr\/wilmet-group\/wilmet-acteur-de-leconomie-circulaire\/reuse\/","og_locale":"fr_FR","og_type":"article","og_title":"ReUse : Donner une nouvelle utilit\u00e9 aux d\u00e9chets - Wilmet Group","og_description":"Le terme r\u00e9utilisation ou ReUSe dans le domaine des d\u00e9chets d\u00e9signe la transformation d'un objet pour lui donner une nouvelle utilit\u00e9.","og_url":"https:\/\/www.wilmetgroup.be\/fr\/wilmet-group\/wilmet-acteur-de-leconomie-circulaire\/reuse\/","og_site_name":"Wilmet Group","article_modified_time":"2023-02-02T14:14:47+00:00","og_image":[{"width":65,"height":60,"url":"https:\/\/www.wilmetgroup.be\/wp-content\/uploads\/2016\/03\/icon-reuse.png","type":"image\/png"}],"twitter_card":"summary_large_image","twitter_misc":{"Dur\u00e9e de lecture estim\u00e9e":"1 minute"},"schema":{"@context":"https:\/\/schema.org","@graph":[{"@type":"WebPage","@id":"https:\/\/www.wilmetgroup.be\/fr\/wilmet-group\/wilmet-acteur-de-leconomie-circulaire\/reuse\/","url":"https:\/\/www.wilmetgroup.be\/fr\/wilmet-group\/wilmet-acteur-de-leconomie-circulaire\/reuse\/","name":"ReUse : Donner une nouvelle utilit\u00e9 aux d\u00e9chets - Wilmet Group","isPartOf":{"@id":"https:\/\/www.wilmetgroup.be\/en\/#website"},"primaryImageOfPage":{"@id":"https:\/\/www.wilmetgroup.be\/fr\/wilmet-group\/wilmet-acteur-de-leconomie-circulaire\/reuse\/#primaryimage"},"image":{"@id":"https:\/\/www.wilmetgroup.be\/fr\/wilmet-group\/wilmet-acteur-de-leconomie-circulaire\/reuse\/#primaryimage"},"thumbnailUrl":"\/wp-content\/uploads\/2016\/03\/icon-reuse.png","datePublished":"2016-03-31T14:43:43+00:00","dateModified":"2023-02-02T14:14:47+00:00","description":"Le terme r\u00e9utilisation ou ReUSe dans le domaine des d\u00e9chets d\u00e9signe la transformation d'un objet pour lui donner une nouvelle utilit\u00e9.","breadcrumb":{"@id":"https:\/\/www.wilmetgroup.be\/fr\/wilmet-group\/wilmet-acteur-de-leconomie-circulaire\/reuse\/#breadcrumb"},"inLanguage":"fr-FR","potentialAction":[{"@type":"ReadAction","target":["https:\/\/www.wilmetgroup.be\/fr\/wilmet-group\/wilmet-acteur-de-leconomie-circulaire\/reuse\/"]}]},{"@type":"ImageObject","inLanguage":"fr-FR","@id":"https:\/\/www.wilmetgroup.be\/fr\/wilmet-group\/wilmet-acteur-de-leconomie-circulaire\/reuse\/#primaryimage","url":"\/wp-content\/uploads\/2016\/03\/icon-reuse.png","contentUrl":"\/wp-content\/uploads\/2016\/03\/icon-reuse.png","width":65,"height":60},{"@type":"BreadcrumbList","@id":"https:\/\/www.wilmetgroup.be\/fr\/wilmet-group\/wilmet-acteur-de-leconomie-circulaire\/reuse\/#breadcrumb","itemListElement":[{"@type":"ListItem","position":1,"name":"Accueil","item":"https:\/\/www.wilmetgroup.be\/fr\/"},{"@type":"ListItem","position":2,"name":"Accueil","item":"https:\/\/www.wilmetgroup.be\/fr\/"},{"@type":"ListItem","position":3,"name":"Wilmet, acteur de l&rsquo;\u00e9conomie circulaire","item":"https:\/\/www.wilmetgroup.be\/fr\/wilmet-group\/wilmet-acteur-de-leconomie-circulaire\/"},{"@type":"ListItem","position":4,"name":"ReUse : Donner une nouvelle utilit\u00e9 aux d\u00e9chets"}]},{"@type":"WebSite","@id":"https:\/\/www.wilmetgroup.be\/en\/#website","url":"https:\/\/www.wilmetgroup.be\/en\/","name":"Wilmet Group","description":"Local Recycling For A Cleaner World","publisher":{"@id":"https:\/\/www.wilmetgroup.be\/en\/#organization"},"potentialAction":[{"@type":"SearchAction","target":{"@type":"EntryPoint","urlTemplate":"https:\/\/www.wilmetgroup.be\/en\/search\/{search_term_string}"},"query-input":{"@type":"PropertyValueSpecification","valueRequired":true,"valueName":"search_term_string"}}],"inLanguage":"fr-FR"},{"@type":"Organization","@id":"https:\/\/www.wilmetgroup.be\/en\/#organization","name":"Wilmet Group","url":"https:\/\/www.wilmetgroup.be\/en\/","logo":{"@type":"ImageObject","inLanguage":"fr-FR","@id":"https:\/\/www.wilmetgroup.be\/en\/#\/schema\/logo\/image\/","url":"\/wp-content\/uploads\/2016\/04\/cropped-logo-wilmet-group-1.png","contentUrl":"\/wp-content\/uploads\/2016\/04\/cropped-logo-wilmet-group-1.png","width":139,"height":55,"caption":"Wilmet Group"},"image":{"@id":"https:\/\/www.wilmetgroup.be\/en\/#\/schema\/logo\/image\/"}}]}},"_links":{"self":[{"href":"https:\/\/www.wilmetgroup.be\/fr\/wp-json\/wp\/v2\/pages\/44","targetHints":{"allow":["GET"]}}],"collection":[{"href":"https:\/\/www.wilmetgroup.be\/fr\/wp-json\/wp\/v2\/pages"}],"about":[{"href":"https:\/\/www.wilmetgroup.be\/fr\/wp-json\/wp\/v2\/types\/page"}],"author":[{"embeddable":true,"href":"https:\/\/www.wilmetgroup.be\/fr\/wp-json\/wp\/v2\/users\/1"}],"replies":[{"embeddable":true,"href":"https:\/\/www.wilmetgroup.be\/fr\/wp-json\/wp\/v2\/comments?post=44"}],"version-history":[{"count":27,"href":"https:\/\/www.wilmetgroup.be\/fr\/wp-json\/wp\/v2\/pages\/44\/revisions"}],"predecessor-version":[{"id":3060,"href":"https:\/\/www.wilmetgroup.be\/fr\/wp-json\/wp\/v2\/pages\/44\/revisions\/3060"}],"up":[{"embeddable":true,"href":"https:\/\/www.wilmetgroup.be\/fr\/wp-json\/wp\/v2\/pages\/42"}],"wp:featuredmedia":[{"embeddable":true,"href":"https:\/\/www.wilmetgroup.be\/fr\/wp-json\/wp\/v2\/media\/78"}],"wp:attachment":[{"href":"https:\/\/www.wilmetgroup.be\/fr\/wp-json\/wp\/v2\/media?parent=44"}],"curies":[{"name":"wp","href":"https:\/\/api.w.org\/{rel}","templated":true}]}}