{"id":48,"date":"2016-03-31T15:44:28","date_gmt":"2016-03-31T14:44:28","guid":{"rendered":"https:\/\/www.wilmetgroup.be\/fr\/?page_id=48"},"modified":"2023-02-02T15:17:44","modified_gmt":"2023-02-02T14:17:44","slug":"reparation","status":"publish","type":"page","link":"https:\/\/www.wilmetgroup.be\/fr\/wilmet-group\/wilmet-acteur-de-leconomie-circulaire\/reparation\/","title":{"rendered":"R\u00e9paration : lutter conte le consum\u00e9risme"},"content":{"rendered":"<p>Le groupe Wilmet collabore avec certaines entreprises \u00e0 finalit\u00e9 sociale qui r\u00e9parent des produits collect\u00e9s avant recyclage et les revendent \u00e0 un prix tr\u00e8s accessible.<\/p>\n<p>L\u2019\u00e9conomie globale en \u00e9nergie et en mati\u00e8res premi\u00e8res ainsi g\u00e9n\u00e9r\u00e9e est significative par rapport au circuit classique (d\u00e9mant\u00e8lement\/broyage, r\u00e9cup\u00e9ration des composants, production de pi\u00e8ces \u00e0 partir de mat\u00e9riaux recycl\u00e9s)<\/p>\n<p>C\u2019est pourquoi, il vaut toujours mieux r\u00e9parer que recycler.<\/p>\n<p><!--more--><\/p>\n<p>L\u2019obsolescence programm\u00e9e, le manque de disponibilit\u00e9 et\/ou le co\u00fbt des pi\u00e8ces de rechange, la difficult\u00e9 technique souvent li\u00e9e au d\u00e9montage,\u2026 sont autant d\u2019aspects qui poussent les gens \u00e0 jeter des produits hors d\u2019usage.<\/p>\n<p>Cependant, les probl\u00e8mes li\u00e9s \u00e0 l\u2019utilisation des ressources (limit\u00e9es) et de l\u2019\u00e9nergie doivent nous inciter \u00e0 chercher des solutions alternatives.<\/p>\n<p>C\u2019est pourquoi, le Groupe Wilmet s\u2019est associ\u00e9 avec plusieurs soci\u00e9t\u00e9s sp\u00e9cialis\u00e9es dans la r\u00e9paration d\u2019\u00e9quipements \u00e9lectriques et \u00e9lectroniques.<\/p>\n<p>A titre d&rsquo;exemple, <a href=\"http:\/\/www.lehublot.be\/\">Le Hublot EFT <\/a>collecte les lave-vaisselles, lave-linges et autres s\u00e9choirs.\u00a0Chaque machine est enti\u00e8rement d\u00e9mont\u00e9e et toutes les pi\u00e8ces encore valables sont r\u00e9cup\u00e9r\u00e9es pour remettre \u00e0 neuf de nouvelles machines qui sont mises en vente sur le march\u00e9 de seconde main.<\/p>\n<p>Ces machines b\u00e9n\u00e9ficient d\u2019une garantie d\u2019un an.<\/p>\n<p><a href=\"http:\/\/www.cyreo.be\/\">Cyr\u00e9o\u00a0<\/a>collecte les petits \u00e9lectro (cafeti\u00e8res, grille-pain, ventilateurs,..). qui sont \u00e9galement d\u00e9mont\u00e9s, r\u00e9par\u00e9s et r\u00e9int\u00e9gr\u00e9s dans le circuit de seconde main.<\/p>\n<p>&nbsp;<\/p>\n<hr \/>\n<p style=\"text-align: center;\"><strong><span style=\"color: #1b8f57;\">Ces deux exemples illustrent la volont\u00e9 du groupe Wilmet d&rsquo;\u00e9largir son champ d&rsquo;action dans l&rsquo;\u00e9conomie circulaire et de ne pas rester cantonn\u00e9 dans son r\u00f4le historique de recycleur. <\/span><\/strong><\/p>\n<p style=\"text-align: center;\"><strong><span style=\"color: #1b8f57;\">Nous souhaitons nous positionner dans le monde du d\u00e9chet comme un acteur proactif, conscient des enjeux et de son r\u00f4le. <\/span><\/strong><\/p>\n<p style=\"text-align: center;\"><strong><span style=\"color: #1b8f57;\">Devenir un acteur local de l&rsquo;\u00e9conomie des ressources, en privil\u00e9giant des circuits courts et en participant \u00e0 la transformation de d\u00e9chets en objets r\u00e9utilisables. <\/span><\/strong><\/p>\n<p style=\"text-align: center;\"><strong><span style=\"color: #1b8f57;\">Cette d\u00e9marche permet aussi \u00e0 une tranche moins ais\u00e9e de la population d&rsquo;avoir acc\u00e8s \u00e0 des appareils \u00e9lectriques et \u00e9lectroniques de qualit\u00e9 \u00e0 des prix r\u00e9duits.\u00a0<\/span><\/strong><\/p>\n<p>&nbsp;<\/p>\n","protected":false},"excerpt":{"rendered":"<p>Le groupe Wilmet &hellip; <a href=\"https:\/\/www.wilmetgroup.be\/fr\/wilmet-group\/wilmet-acteur-de-leconomie-circulaire\/reparation\/\">En savoir plus<\/a><\/p>\n","protected":false},"author":1,"featured_media":77,"parent":42,"menu_order":39,"comment_status":"closed","ping_status":"closed","template":"","meta":{"_acf_changed":false,"footnotes":""},"class_list":["post-48","page","type-page","status-publish","has-post-thumbnail","hentry"],"acf":[],"yoast_head":"<!-- This site is optimized with the Yoast SEO plugin v27.4 - https:\/\/yoast.com\/product\/yoast-seo-wordpress\/ -->\n<title>R\u00e9paration : lutter conte le consum\u00e9risme - Wilmet Group<\/title>\n<meta name=\"description\" content=\"La r\u00e9paration des DEEE ou autres objet mis au rebut est un processus \u00e9nerg\u00e9tiquement \u00e9cologique. Il faut privil\u00e9gier cette voie par rapport au recyclage.\" \/>\n<meta name=\"robots\" content=\"index, follow, max-snippet:-1, max-image-preview:large, max-video-preview:-1\" \/>\n<link rel=\"canonical\" href=\"https:\/\/www.wilmetgroup.be\/fr\/wilmet-group\/wilmet-acteur-de-leconomie-circulaire\/reparation\/\" \/>\n<meta property=\"og:locale\" content=\"fr_FR\" \/>\n<meta property=\"og:type\" content=\"article\" \/>\n<meta property=\"og:title\" content=\"R\u00e9paration : lutter conte le consum\u00e9risme - Wilmet Group\" \/>\n<meta property=\"og:description\" content=\"La r\u00e9paration des DEEE ou autres objet mis au rebut est un processus \u00e9nerg\u00e9tiquement \u00e9cologique. Il faut privil\u00e9gier cette voie par rapport au recyclage.\" \/>\n<meta property=\"og:url\" content=\"https:\/\/www.wilmetgroup.be\/fr\/wilmet-group\/wilmet-acteur-de-leconomie-circulaire\/reparation\/\" \/>\n<meta property=\"og:site_name\" content=\"Wilmet Group\" \/>\n<meta property=\"article:modified_time\" content=\"2023-02-02T14:17:44+00:00\" \/>\n<meta property=\"og:image\" content=\"https:\/\/www.wilmetgroup.be\/wp-content\/uploads\/2016\/03\/icon-reparation-e1467729133853.png\" \/>\n\t<meta property=\"og:image:width\" content=\"65\" \/>\n\t<meta property=\"og:image:height\" content=\"68\" \/>\n\t<meta property=\"og:image:type\" content=\"image\/png\" \/>\n<meta name=\"twitter:card\" content=\"summary_large_image\" \/>\n<meta name=\"twitter:label1\" content=\"Dur\u00e9e de lecture estim\u00e9e\" \/>\n\t<meta name=\"twitter:data1\" content=\"2 minutes\" \/>\n<script type=\"application\/ld+json\" class=\"yoast-schema-graph\">{\"@context\":\"https:\\\/\\\/schema.org\",\"@graph\":[{\"@type\":\"WebPage\",\"@id\":\"https:\\\/\\\/www.wilmetgroup.be\\\/fr\\\/wilmet-group\\\/wilmet-acteur-de-leconomie-circulaire\\\/reparation\\\/\",\"url\":\"https:\\\/\\\/www.wilmetgroup.be\\\/fr\\\/wilmet-group\\\/wilmet-acteur-de-leconomie-circulaire\\\/reparation\\\/\",\"name\":\"R\u00e9paration : lutter conte le consum\u00e9risme - Wilmet Group\",\"isPartOf\":{\"@id\":\"https:\\\/\\\/www.wilmetgroup.be\\\/en\\\/#website\"},\"primaryImageOfPage\":{\"@id\":\"https:\\\/\\\/www.wilmetgroup.be\\\/fr\\\/wilmet-group\\\/wilmet-acteur-de-leconomie-circulaire\\\/reparation\\\/#primaryimage\"},\"image\":{\"@id\":\"https:\\\/\\\/www.wilmetgroup.be\\\/fr\\\/wilmet-group\\\/wilmet-acteur-de-leconomie-circulaire\\\/reparation\\\/#primaryimage\"},\"thumbnailUrl\":\"\\\/wp-content\\\/uploads\\\/2016\\\/03\\\/icon-reparation-e1467729133853.png\",\"datePublished\":\"2016-03-31T14:44:28+00:00\",\"dateModified\":\"2023-02-02T14:17:44+00:00\",\"description\":\"La r\u00e9paration des DEEE ou autres objet mis au rebut est un processus \u00e9nerg\u00e9tiquement \u00e9cologique. Il faut privil\u00e9gier cette voie par rapport au recyclage.\",\"breadcrumb\":{\"@id\":\"https:\\\/\\\/www.wilmetgroup.be\\\/fr\\\/wilmet-group\\\/wilmet-acteur-de-leconomie-circulaire\\\/reparation\\\/#breadcrumb\"},\"inLanguage\":\"fr-FR\",\"potentialAction\":[{\"@type\":\"ReadAction\",\"target\":[\"https:\\\/\\\/www.wilmetgroup.be\\\/fr\\\/wilmet-group\\\/wilmet-acteur-de-leconomie-circulaire\\\/reparation\\\/\"]}]},{\"@type\":\"ImageObject\",\"inLanguage\":\"fr-FR\",\"@id\":\"https:\\\/\\\/www.wilmetgroup.be\\\/fr\\\/wilmet-group\\\/wilmet-acteur-de-leconomie-circulaire\\\/reparation\\\/#primaryimage\",\"url\":\"\\\/wp-content\\\/uploads\\\/2016\\\/03\\\/icon-reparation-e1467729133853.png\",\"contentUrl\":\"\\\/wp-content\\\/uploads\\\/2016\\\/03\\\/icon-reparation-e1467729133853.png\",\"width\":65,\"height\":68},{\"@type\":\"BreadcrumbList\",\"@id\":\"https:\\\/\\\/www.wilmetgroup.be\\\/fr\\\/wilmet-group\\\/wilmet-acteur-de-leconomie-circulaire\\\/reparation\\\/#breadcrumb\",\"itemListElement\":[{\"@type\":\"ListItem\",\"position\":1,\"name\":\"Accueil\",\"item\":\"https:\\\/\\\/www.wilmetgroup.be\\\/fr\\\/\"},{\"@type\":\"ListItem\",\"position\":2,\"name\":\"Accueil\",\"item\":\"https:\\\/\\\/www.wilmetgroup.be\\\/fr\\\/\"},{\"@type\":\"ListItem\",\"position\":3,\"name\":\"Wilmet, acteur de l&rsquo;\u00e9conomie circulaire\",\"item\":\"https:\\\/\\\/www.wilmetgroup.be\\\/fr\\\/wilmet-group\\\/wilmet-acteur-de-leconomie-circulaire\\\/\"},{\"@type\":\"ListItem\",\"position\":4,\"name\":\"R\u00e9paration : lutter conte le consum\u00e9risme\"}]},{\"@type\":\"WebSite\",\"@id\":\"https:\\\/\\\/www.wilmetgroup.be\\\/en\\\/#website\",\"url\":\"https:\\\/\\\/www.wilmetgroup.be\\\/en\\\/\",\"name\":\"Wilmet Group\",\"description\":\"Local Recycling For A Cleaner World\",\"publisher\":{\"@id\":\"https:\\\/\\\/www.wilmetgroup.be\\\/en\\\/#organization\"},\"potentialAction\":[{\"@type\":\"SearchAction\",\"target\":{\"@type\":\"EntryPoint\",\"urlTemplate\":\"https:\\\/\\\/www.wilmetgroup.be\\\/en\\\/search\\\/{search_term_string}\"},\"query-input\":{\"@type\":\"PropertyValueSpecification\",\"valueRequired\":true,\"valueName\":\"search_term_string\"}}],\"inLanguage\":\"fr-FR\"},{\"@type\":\"Organization\",\"@id\":\"https:\\\/\\\/www.wilmetgroup.be\\\/en\\\/#organization\",\"name\":\"Wilmet Group\",\"url\":\"https:\\\/\\\/www.wilmetgroup.be\\\/en\\\/\",\"logo\":{\"@type\":\"ImageObject\",\"inLanguage\":\"fr-FR\",\"@id\":\"https:\\\/\\\/www.wilmetgroup.be\\\/en\\\/#\\\/schema\\\/logo\\\/image\\\/\",\"url\":\"\\\/wp-content\\\/uploads\\\/2016\\\/04\\\/cropped-logo-wilmet-group-1.png\",\"contentUrl\":\"\\\/wp-content\\\/uploads\\\/2016\\\/04\\\/cropped-logo-wilmet-group-1.png\",\"width\":139,\"height\":55,\"caption\":\"Wilmet Group\"},\"image\":{\"@id\":\"https:\\\/\\\/www.wilmetgroup.be\\\/en\\\/#\\\/schema\\\/logo\\\/image\\\/\"}}]}<\/script>\n<!-- \/ Yoast SEO plugin. -->","yoast_head_json":{"title":"R\u00e9paration : lutter conte le consum\u00e9risme - Wilmet Group","description":"La r\u00e9paration des DEEE ou autres objet mis au rebut est un processus \u00e9nerg\u00e9tiquement \u00e9cologique. Il faut privil\u00e9gier cette voie par rapport au recyclage.","robots":{"index":"index","follow":"follow","max-snippet":"max-snippet:-1","max-image-preview":"max-image-preview:large","max-video-preview":"max-video-preview:-1"},"canonical":"https:\/\/www.wilmetgroup.be\/fr\/wilmet-group\/wilmet-acteur-de-leconomie-circulaire\/reparation\/","og_locale":"fr_FR","og_type":"article","og_title":"R\u00e9paration : lutter conte le consum\u00e9risme - Wilmet Group","og_description":"La r\u00e9paration des DEEE ou autres objet mis au rebut est un processus \u00e9nerg\u00e9tiquement \u00e9cologique. Il faut privil\u00e9gier cette voie par rapport au recyclage.","og_url":"https:\/\/www.wilmetgroup.be\/fr\/wilmet-group\/wilmet-acteur-de-leconomie-circulaire\/reparation\/","og_site_name":"Wilmet Group","article_modified_time":"2023-02-02T14:17:44+00:00","og_image":[{"width":65,"height":68,"url":"https:\/\/www.wilmetgroup.be\/wp-content\/uploads\/2016\/03\/icon-reparation-e1467729133853.png","type":"image\/png"}],"twitter_card":"summary_large_image","twitter_misc":{"Dur\u00e9e de lecture estim\u00e9e":"2 minutes"},"schema":{"@context":"https:\/\/schema.org","@graph":[{"@type":"WebPage","@id":"https:\/\/www.wilmetgroup.be\/fr\/wilmet-group\/wilmet-acteur-de-leconomie-circulaire\/reparation\/","url":"https:\/\/www.wilmetgroup.be\/fr\/wilmet-group\/wilmet-acteur-de-leconomie-circulaire\/reparation\/","name":"R\u00e9paration : lutter conte le consum\u00e9risme - Wilmet Group","isPartOf":{"@id":"https:\/\/www.wilmetgroup.be\/en\/#website"},"primaryImageOfPage":{"@id":"https:\/\/www.wilmetgroup.be\/fr\/wilmet-group\/wilmet-acteur-de-leconomie-circulaire\/reparation\/#primaryimage"},"image":{"@id":"https:\/\/www.wilmetgroup.be\/fr\/wilmet-group\/wilmet-acteur-de-leconomie-circulaire\/reparation\/#primaryimage"},"thumbnailUrl":"\/wp-content\/uploads\/2016\/03\/icon-reparation-e1467729133853.png","datePublished":"2016-03-31T14:44:28+00:00","dateModified":"2023-02-02T14:17:44+00:00","description":"La r\u00e9paration des DEEE ou autres objet mis au rebut est un processus \u00e9nerg\u00e9tiquement \u00e9cologique. Il faut privil\u00e9gier cette voie par rapport au recyclage.","breadcrumb":{"@id":"https:\/\/www.wilmetgroup.be\/fr\/wilmet-group\/wilmet-acteur-de-leconomie-circulaire\/reparation\/#breadcrumb"},"inLanguage":"fr-FR","potentialAction":[{"@type":"ReadAction","target":["https:\/\/www.wilmetgroup.be\/fr\/wilmet-group\/wilmet-acteur-de-leconomie-circulaire\/reparation\/"]}]},{"@type":"ImageObject","inLanguage":"fr-FR","@id":"https:\/\/www.wilmetgroup.be\/fr\/wilmet-group\/wilmet-acteur-de-leconomie-circulaire\/reparation\/#primaryimage","url":"\/wp-content\/uploads\/2016\/03\/icon-reparation-e1467729133853.png","contentUrl":"\/wp-content\/uploads\/2016\/03\/icon-reparation-e1467729133853.png","width":65,"height":68},{"@type":"BreadcrumbList","@id":"https:\/\/www.wilmetgroup.be\/fr\/wilmet-group\/wilmet-acteur-de-leconomie-circulaire\/reparation\/#breadcrumb","itemListElement":[{"@type":"ListItem","position":1,"name":"Accueil","item":"https:\/\/www.wilmetgroup.be\/fr\/"},{"@type":"ListItem","position":2,"name":"Accueil","item":"https:\/\/www.wilmetgroup.be\/fr\/"},{"@type":"ListItem","position":3,"name":"Wilmet, acteur de l&rsquo;\u00e9conomie circulaire","item":"https:\/\/www.wilmetgroup.be\/fr\/wilmet-group\/wilmet-acteur-de-leconomie-circulaire\/"},{"@type":"ListItem","position":4,"name":"R\u00e9paration : lutter conte le consum\u00e9risme"}]},{"@type":"WebSite","@id":"https:\/\/www.wilmetgroup.be\/en\/#website","url":"https:\/\/www.wilmetgroup.be\/en\/","name":"Wilmet Group","description":"Local Recycling For A Cleaner World","publisher":{"@id":"https:\/\/www.wilmetgroup.be\/en\/#organization"},"potentialAction":[{"@type":"SearchAction","target":{"@type":"EntryPoint","urlTemplate":"https:\/\/www.wilmetgroup.be\/en\/search\/{search_term_string}"},"query-input":{"@type":"PropertyValueSpecification","valueRequired":true,"valueName":"search_term_string"}}],"inLanguage":"fr-FR"},{"@type":"Organization","@id":"https:\/\/www.wilmetgroup.be\/en\/#organization","name":"Wilmet Group","url":"https:\/\/www.wilmetgroup.be\/en\/","logo":{"@type":"ImageObject","inLanguage":"fr-FR","@id":"https:\/\/www.wilmetgroup.be\/en\/#\/schema\/logo\/image\/","url":"\/wp-content\/uploads\/2016\/04\/cropped-logo-wilmet-group-1.png","contentUrl":"\/wp-content\/uploads\/2016\/04\/cropped-logo-wilmet-group-1.png","width":139,"height":55,"caption":"Wilmet Group"},"image":{"@id":"https:\/\/www.wilmetgroup.be\/en\/#\/schema\/logo\/image\/"}}]}},"_links":{"self":[{"href":"https:\/\/www.wilmetgroup.be\/fr\/wp-json\/wp\/v2\/pages\/48","targetHints":{"allow":["GET"]}}],"collection":[{"href":"https:\/\/www.wilmetgroup.be\/fr\/wp-json\/wp\/v2\/pages"}],"about":[{"href":"https:\/\/www.wilmetgroup.be\/fr\/wp-json\/wp\/v2\/types\/page"}],"author":[{"embeddable":true,"href":"https:\/\/www.wilmetgroup.be\/fr\/wp-json\/wp\/v2\/users\/1"}],"replies":[{"embeddable":true,"href":"https:\/\/www.wilmetgroup.be\/fr\/wp-json\/wp\/v2\/comments?post=48"}],"version-history":[{"count":18,"href":"https:\/\/www.wilmetgroup.be\/fr\/wp-json\/wp\/v2\/pages\/48\/revisions"}],"predecessor-version":[{"id":3063,"href":"https:\/\/www.wilmetgroup.be\/fr\/wp-json\/wp\/v2\/pages\/48\/revisions\/3063"}],"up":[{"embeddable":true,"href":"https:\/\/www.wilmetgroup.be\/fr\/wp-json\/wp\/v2\/pages\/42"}],"wp:featuredmedia":[{"embeddable":true,"href":"https:\/\/www.wilmetgroup.be\/fr\/wp-json\/wp\/v2\/media\/77"}],"wp:attachment":[{"href":"https:\/\/www.wilmetgroup.be\/fr\/wp-json\/wp\/v2\/media?parent=48"}],"curies":[{"name":"wp","href":"https:\/\/api.w.org\/{rel}","templated":true}]}}