{"id":50,"date":"2016-03-31T15:44:48","date_gmt":"2016-03-31T14:44:48","guid":{"rendered":"https:\/\/www.wilmetgroup.be\/fr\/?page_id=50"},"modified":"2023-02-02T15:18:35","modified_gmt":"2023-02-02T14:18:35","slug":"reemploi-une-seconde-vie-pour-vos-dechets","status":"publish","type":"page","link":"https:\/\/www.wilmetgroup.be\/fr\/wilmet-group\/wilmet-acteur-de-leconomie-circulaire\/reemploi-une-seconde-vie-pour-vos-dechets\/","title":{"rendered":"R\u00e9emploi : d\u00e9velopper le march\u00e9 de \u00ab\u00a0seconde main\u00a0\u00bb"},"content":{"rendered":"<p>On parle de r\u00e9emploi lorsqu&rsquo;un objet passe d&rsquo;un premier utilisateur qui n&rsquo;en a plus l&rsquo;utilit\u00e9, vers un autre utilisateur, tout en gardant sa fonction premi\u00e8re, ce qui permet d&rsquo;en allonger consid\u00e9rablement la dur\u00e9e de vie.<\/p>\n<p><!--more--><\/p>\n<p>&nbsp;<\/p>\n<p>A chaque minute, nous jetons une quantit\u00e9 incroyable de d\u00e9chets.<\/p>\n<p>Pour limiter l&rsquo;impact environnemental de ceux-ci, une des premi\u00e8res d\u00e9marches consiste \u00e0 r\u00e9employer directement ces objets.<\/p>\n<p>Cette d\u00e9marche est la moins \u00e9nergivore qui soit puisqu&rsquo;elle ne n\u00e9cessite aucun proc\u00e9d\u00e9 de fabrication.<\/p>\n<p>De plus en plus de personnes passent par la fili\u00e8re dite \u00ab\u00a0de seconde main\u00a0\u00bb pour toute une s\u00e9rie d&rsquo;objets de la vie de tous les jours.<\/p>\n<p>Associations, sites en ligne&#8230;, il existe une multitude de\u00a0circuits permettant de vendre ou d\u2019acheter des objets provenant du r\u00e9emploi.<\/p>\n<p>Chaque jour, le Groupe Wilmet collecte, \u00e0 travers ses diff\u00e9rentes filiales, des objets en \u00e9tat de marche.<\/p>\n<p>Nous prenons le temps de les s\u00e9parer du reste des d\u00e9chets pour permettre \u00e0 d&rsquo;autres de les r\u00e9employer directement.<\/p>\n<p>&nbsp;<\/p>\n<h3><u>Concr\u00e8tement<\/u><\/h3>\n<p>Pour optimiser le r\u00e9emploi de nos d\u00e9chets \u00e9lectroniques, nous collaborons avec des entreprises sp\u00e9cialis\u00e9es dans la reprise, la r\u00e9paration et\/ou et le traitement responsable de smartphones et tablettes.<\/p>\n<p>Gr\u00e2ce \u00e0 ce partenariat, vos appareils fonctionnels \u00e9vitent d\u2019\u00eatre d\u00e9mantel\u00e9s et envoy\u00e9s au recyclage\u00a0inutilement, nos partenaires leur donne une seconde vie. Vos appareils seront reconditionn\u00e9s par des experts pour reprendre du service\u00a0!<\/p>\n<p>Cette collaboration permet de r\u00e9duire sensiblement l\u2019impact sur l\u2019environnement, en effet, 80% de l\u2019impact environnemental d\u2019un smartphone ont lieu lors de la phase d\u2019extraction et de fabrication*.<\/p>\n<p>Eviter la fabrication de nouveaux \u00e9quipements en prolongeant leur dur\u00e9e de vie, c\u2019est \u00e9conomiser sur l\u2019utilisation de mati\u00e8res premi\u00e8res, (terres rares souvent extraites dans des conditions d\u00e9plorables) et limiter les \u00e9missions de CO2 qui y sont li\u00e9es.<\/p>\n<p>Notre solution s\u2019adresse donc aux entreprises engag\u00e9es dans le d\u00e9veloppement durable et leur permet de recycler leurs appareils \u00e9lectriques et \u00e9lectroniques en leur garantissant un certificat de destruction et une tra\u00e7abilit\u00e9.<\/p>\n<p><em>*Source\u00a0: Les impacts du smartphone, ADEME, FNE, 2019<\/em><\/p>\n<p>&nbsp;<\/p>\n<p>&nbsp;<\/p>\n","protected":false},"excerpt":{"rendered":"<p>On parle de &hellip; <a href=\"https:\/\/www.wilmetgroup.be\/fr\/wilmet-group\/wilmet-acteur-de-leconomie-circulaire\/reemploi-une-seconde-vie-pour-vos-dechets\/\">En savoir plus<\/a><\/p>\n","protected":false},"author":1,"featured_media":76,"parent":42,"menu_order":42,"comment_status":"closed","ping_status":"closed","template":"","meta":{"_acf_changed":false,"footnotes":""},"class_list":["post-50","page","type-page","status-publish","has-post-thumbnail","hentry"],"acf":[],"yoast_head":"<!-- This site is optimized with the Yoast SEO plugin v27.5 - https:\/\/yoast.com\/product\/yoast-seo-wordpress\/ -->\n<title>R\u00e9emploi : d\u00e9velopper le march\u00e9 de &quot;seconde main&quot; - Wilmet Group<\/title>\n<meta name=\"description\" content=\"On parle de r\u00e9emploi lorsqu&#039;un objet passe d&#039;un utilisateur 1, qui n&#039;en a plus l&#039;utilit\u00e9, vers un utilisateur 2 tout en gardant sa fonction premi\u00e8re.\" \/>\n<meta name=\"robots\" content=\"index, follow, max-snippet:-1, max-image-preview:large, max-video-preview:-1\" \/>\n<link rel=\"canonical\" href=\"https:\/\/www.wilmetgroup.be\/fr\/wilmet-group\/wilmet-acteur-de-leconomie-circulaire\/reemploi-une-seconde-vie-pour-vos-dechets\/\" \/>\n<meta property=\"og:locale\" content=\"fr_FR\" \/>\n<meta property=\"og:type\" content=\"article\" \/>\n<meta property=\"og:title\" content=\"R\u00e9emploi : d\u00e9velopper le march\u00e9 de &quot;seconde main&quot; - Wilmet Group\" \/>\n<meta property=\"og:description\" content=\"On parle de r\u00e9emploi lorsqu&#039;un objet passe d&#039;un utilisateur 1, qui n&#039;en a plus l&#039;utilit\u00e9, vers un utilisateur 2 tout en gardant sa fonction premi\u00e8re.\" \/>\n<meta property=\"og:url\" content=\"https:\/\/www.wilmetgroup.be\/fr\/wilmet-group\/wilmet-acteur-de-leconomie-circulaire\/reemploi-une-seconde-vie-pour-vos-dechets\/\" \/>\n<meta property=\"og:site_name\" content=\"Wilmet Group\" \/>\n<meta property=\"article:modified_time\" content=\"2023-02-02T14:18:35+00:00\" \/>\n<meta property=\"og:image\" content=\"https:\/\/www.wilmetgroup.be\/wp-content\/uploads\/2016\/03\/icon-reemploi.png\" \/>\n\t<meta property=\"og:image:width\" content=\"65\" \/>\n\t<meta property=\"og:image:height\" content=\"68\" \/>\n\t<meta property=\"og:image:type\" content=\"image\/png\" \/>\n<meta name=\"twitter:card\" content=\"summary_large_image\" \/>\n<meta name=\"twitter:label1\" content=\"Dur\u00e9e de lecture estim\u00e9e\" \/>\n\t<meta name=\"twitter:data1\" content=\"2 minutes\" \/>\n<script type=\"application\/ld+json\" class=\"yoast-schema-graph\">{\"@context\":\"https:\\\/\\\/schema.org\",\"@graph\":[{\"@type\":\"WebPage\",\"@id\":\"https:\\\/\\\/www.wilmetgroup.be\\\/fr\\\/wilmet-group\\\/wilmet-acteur-de-leconomie-circulaire\\\/reemploi-une-seconde-vie-pour-vos-dechets\\\/\",\"url\":\"https:\\\/\\\/www.wilmetgroup.be\\\/fr\\\/wilmet-group\\\/wilmet-acteur-de-leconomie-circulaire\\\/reemploi-une-seconde-vie-pour-vos-dechets\\\/\",\"name\":\"R\u00e9emploi : d\u00e9velopper le march\u00e9 de \\\"seconde main\\\" - Wilmet Group\",\"isPartOf\":{\"@id\":\"https:\\\/\\\/www.wilmetgroup.be\\\/en\\\/#website\"},\"primaryImageOfPage\":{\"@id\":\"https:\\\/\\\/www.wilmetgroup.be\\\/fr\\\/wilmet-group\\\/wilmet-acteur-de-leconomie-circulaire\\\/reemploi-une-seconde-vie-pour-vos-dechets\\\/#primaryimage\"},\"image\":{\"@id\":\"https:\\\/\\\/www.wilmetgroup.be\\\/fr\\\/wilmet-group\\\/wilmet-acteur-de-leconomie-circulaire\\\/reemploi-une-seconde-vie-pour-vos-dechets\\\/#primaryimage\"},\"thumbnailUrl\":\"\\\/wp-content\\\/uploads\\\/2016\\\/03\\\/icon-reemploi.png\",\"datePublished\":\"2016-03-31T14:44:48+00:00\",\"dateModified\":\"2023-02-02T14:18:35+00:00\",\"description\":\"On parle de r\u00e9emploi lorsqu'un objet passe d'un utilisateur 1, qui n'en a plus l'utilit\u00e9, vers un utilisateur 2 tout en gardant sa fonction premi\u00e8re.\",\"breadcrumb\":{\"@id\":\"https:\\\/\\\/www.wilmetgroup.be\\\/fr\\\/wilmet-group\\\/wilmet-acteur-de-leconomie-circulaire\\\/reemploi-une-seconde-vie-pour-vos-dechets\\\/#breadcrumb\"},\"inLanguage\":\"fr-FR\",\"potentialAction\":[{\"@type\":\"ReadAction\",\"target\":[\"https:\\\/\\\/www.wilmetgroup.be\\\/fr\\\/wilmet-group\\\/wilmet-acteur-de-leconomie-circulaire\\\/reemploi-une-seconde-vie-pour-vos-dechets\\\/\"]}]},{\"@type\":\"ImageObject\",\"inLanguage\":\"fr-FR\",\"@id\":\"https:\\\/\\\/www.wilmetgroup.be\\\/fr\\\/wilmet-group\\\/wilmet-acteur-de-leconomie-circulaire\\\/reemploi-une-seconde-vie-pour-vos-dechets\\\/#primaryimage\",\"url\":\"\\\/wp-content\\\/uploads\\\/2016\\\/03\\\/icon-reemploi.png\",\"contentUrl\":\"\\\/wp-content\\\/uploads\\\/2016\\\/03\\\/icon-reemploi.png\",\"width\":65,\"height\":68},{\"@type\":\"BreadcrumbList\",\"@id\":\"https:\\\/\\\/www.wilmetgroup.be\\\/fr\\\/wilmet-group\\\/wilmet-acteur-de-leconomie-circulaire\\\/reemploi-une-seconde-vie-pour-vos-dechets\\\/#breadcrumb\",\"itemListElement\":[{\"@type\":\"ListItem\",\"position\":1,\"name\":\"Accueil\",\"item\":\"https:\\\/\\\/www.wilmetgroup.be\\\/fr\\\/\"},{\"@type\":\"ListItem\",\"position\":2,\"name\":\"Accueil\",\"item\":\"https:\\\/\\\/www.wilmetgroup.be\\\/fr\\\/\"},{\"@type\":\"ListItem\",\"position\":3,\"name\":\"Wilmet, acteur de l&rsquo;\u00e9conomie circulaire\",\"item\":\"https:\\\/\\\/www.wilmetgroup.be\\\/fr\\\/wilmet-group\\\/wilmet-acteur-de-leconomie-circulaire\\\/\"},{\"@type\":\"ListItem\",\"position\":4,\"name\":\"R\u00e9emploi : d\u00e9velopper le march\u00e9 de \u00ab\u00a0seconde main\u00a0\u00bb\"}]},{\"@type\":\"WebSite\",\"@id\":\"https:\\\/\\\/www.wilmetgroup.be\\\/en\\\/#website\",\"url\":\"https:\\\/\\\/www.wilmetgroup.be\\\/en\\\/\",\"name\":\"Wilmet Group\",\"description\":\"Local Recycling For A Cleaner World\",\"publisher\":{\"@id\":\"https:\\\/\\\/www.wilmetgroup.be\\\/en\\\/#organization\"},\"potentialAction\":[{\"@type\":\"SearchAction\",\"target\":{\"@type\":\"EntryPoint\",\"urlTemplate\":\"https:\\\/\\\/www.wilmetgroup.be\\\/en\\\/search\\\/{search_term_string}\"},\"query-input\":{\"@type\":\"PropertyValueSpecification\",\"valueRequired\":true,\"valueName\":\"search_term_string\"}}],\"inLanguage\":\"fr-FR\"},{\"@type\":\"Organization\",\"@id\":\"https:\\\/\\\/www.wilmetgroup.be\\\/en\\\/#organization\",\"name\":\"Wilmet Group\",\"url\":\"https:\\\/\\\/www.wilmetgroup.be\\\/en\\\/\",\"logo\":{\"@type\":\"ImageObject\",\"inLanguage\":\"fr-FR\",\"@id\":\"https:\\\/\\\/www.wilmetgroup.be\\\/en\\\/#\\\/schema\\\/logo\\\/image\\\/\",\"url\":\"\\\/wp-content\\\/uploads\\\/2016\\\/04\\\/cropped-logo-wilmet-group-1.png\",\"contentUrl\":\"\\\/wp-content\\\/uploads\\\/2016\\\/04\\\/cropped-logo-wilmet-group-1.png\",\"width\":139,\"height\":55,\"caption\":\"Wilmet Group\"},\"image\":{\"@id\":\"https:\\\/\\\/www.wilmetgroup.be\\\/en\\\/#\\\/schema\\\/logo\\\/image\\\/\"}}]}<\/script>\n<!-- \/ Yoast SEO plugin. -->","yoast_head_json":{"title":"R\u00e9emploi : d\u00e9velopper le march\u00e9 de \"seconde main\" - Wilmet Group","description":"On parle de r\u00e9emploi lorsqu'un objet passe d'un utilisateur 1, qui n'en a plus l'utilit\u00e9, vers un utilisateur 2 tout en gardant sa fonction premi\u00e8re.","robots":{"index":"index","follow":"follow","max-snippet":"max-snippet:-1","max-image-preview":"max-image-preview:large","max-video-preview":"max-video-preview:-1"},"canonical":"https:\/\/www.wilmetgroup.be\/fr\/wilmet-group\/wilmet-acteur-de-leconomie-circulaire\/reemploi-une-seconde-vie-pour-vos-dechets\/","og_locale":"fr_FR","og_type":"article","og_title":"R\u00e9emploi : d\u00e9velopper le march\u00e9 de \"seconde main\" - Wilmet Group","og_description":"On parle de r\u00e9emploi lorsqu'un objet passe d'un utilisateur 1, qui n'en a plus l'utilit\u00e9, vers un utilisateur 2 tout en gardant sa fonction premi\u00e8re.","og_url":"https:\/\/www.wilmetgroup.be\/fr\/wilmet-group\/wilmet-acteur-de-leconomie-circulaire\/reemploi-une-seconde-vie-pour-vos-dechets\/","og_site_name":"Wilmet Group","article_modified_time":"2023-02-02T14:18:35+00:00","og_image":[{"width":65,"height":68,"url":"https:\/\/www.wilmetgroup.be\/wp-content\/uploads\/2016\/03\/icon-reemploi.png","type":"image\/png"}],"twitter_card":"summary_large_image","twitter_misc":{"Dur\u00e9e de lecture estim\u00e9e":"2 minutes"},"schema":{"@context":"https:\/\/schema.org","@graph":[{"@type":"WebPage","@id":"https:\/\/www.wilmetgroup.be\/fr\/wilmet-group\/wilmet-acteur-de-leconomie-circulaire\/reemploi-une-seconde-vie-pour-vos-dechets\/","url":"https:\/\/www.wilmetgroup.be\/fr\/wilmet-group\/wilmet-acteur-de-leconomie-circulaire\/reemploi-une-seconde-vie-pour-vos-dechets\/","name":"R\u00e9emploi : d\u00e9velopper le march\u00e9 de \"seconde main\" - Wilmet Group","isPartOf":{"@id":"https:\/\/www.wilmetgroup.be\/en\/#website"},"primaryImageOfPage":{"@id":"https:\/\/www.wilmetgroup.be\/fr\/wilmet-group\/wilmet-acteur-de-leconomie-circulaire\/reemploi-une-seconde-vie-pour-vos-dechets\/#primaryimage"},"image":{"@id":"https:\/\/www.wilmetgroup.be\/fr\/wilmet-group\/wilmet-acteur-de-leconomie-circulaire\/reemploi-une-seconde-vie-pour-vos-dechets\/#primaryimage"},"thumbnailUrl":"\/wp-content\/uploads\/2016\/03\/icon-reemploi.png","datePublished":"2016-03-31T14:44:48+00:00","dateModified":"2023-02-02T14:18:35+00:00","description":"On parle de r\u00e9emploi lorsqu'un objet passe d'un utilisateur 1, qui n'en a plus l'utilit\u00e9, vers un utilisateur 2 tout en gardant sa fonction premi\u00e8re.","breadcrumb":{"@id":"https:\/\/www.wilmetgroup.be\/fr\/wilmet-group\/wilmet-acteur-de-leconomie-circulaire\/reemploi-une-seconde-vie-pour-vos-dechets\/#breadcrumb"},"inLanguage":"fr-FR","potentialAction":[{"@type":"ReadAction","target":["https:\/\/www.wilmetgroup.be\/fr\/wilmet-group\/wilmet-acteur-de-leconomie-circulaire\/reemploi-une-seconde-vie-pour-vos-dechets\/"]}]},{"@type":"ImageObject","inLanguage":"fr-FR","@id":"https:\/\/www.wilmetgroup.be\/fr\/wilmet-group\/wilmet-acteur-de-leconomie-circulaire\/reemploi-une-seconde-vie-pour-vos-dechets\/#primaryimage","url":"\/wp-content\/uploads\/2016\/03\/icon-reemploi.png","contentUrl":"\/wp-content\/uploads\/2016\/03\/icon-reemploi.png","width":65,"height":68},{"@type":"BreadcrumbList","@id":"https:\/\/www.wilmetgroup.be\/fr\/wilmet-group\/wilmet-acteur-de-leconomie-circulaire\/reemploi-une-seconde-vie-pour-vos-dechets\/#breadcrumb","itemListElement":[{"@type":"ListItem","position":1,"name":"Accueil","item":"https:\/\/www.wilmetgroup.be\/fr\/"},{"@type":"ListItem","position":2,"name":"Accueil","item":"https:\/\/www.wilmetgroup.be\/fr\/"},{"@type":"ListItem","position":3,"name":"Wilmet, acteur de l&rsquo;\u00e9conomie circulaire","item":"https:\/\/www.wilmetgroup.be\/fr\/wilmet-group\/wilmet-acteur-de-leconomie-circulaire\/"},{"@type":"ListItem","position":4,"name":"R\u00e9emploi : d\u00e9velopper le march\u00e9 de \u00ab\u00a0seconde main\u00a0\u00bb"}]},{"@type":"WebSite","@id":"https:\/\/www.wilmetgroup.be\/en\/#website","url":"https:\/\/www.wilmetgroup.be\/en\/","name":"Wilmet Group","description":"Local Recycling For A Cleaner World","publisher":{"@id":"https:\/\/www.wilmetgroup.be\/en\/#organization"},"potentialAction":[{"@type":"SearchAction","target":{"@type":"EntryPoint","urlTemplate":"https:\/\/www.wilmetgroup.be\/en\/search\/{search_term_string}"},"query-input":{"@type":"PropertyValueSpecification","valueRequired":true,"valueName":"search_term_string"}}],"inLanguage":"fr-FR"},{"@type":"Organization","@id":"https:\/\/www.wilmetgroup.be\/en\/#organization","name":"Wilmet Group","url":"https:\/\/www.wilmetgroup.be\/en\/","logo":{"@type":"ImageObject","inLanguage":"fr-FR","@id":"https:\/\/www.wilmetgroup.be\/en\/#\/schema\/logo\/image\/","url":"\/wp-content\/uploads\/2016\/04\/cropped-logo-wilmet-group-1.png","contentUrl":"\/wp-content\/uploads\/2016\/04\/cropped-logo-wilmet-group-1.png","width":139,"height":55,"caption":"Wilmet Group"},"image":{"@id":"https:\/\/www.wilmetgroup.be\/en\/#\/schema\/logo\/image\/"}}]}},"_links":{"self":[{"href":"https:\/\/www.wilmetgroup.be\/fr\/wp-json\/wp\/v2\/pages\/50","targetHints":{"allow":["GET"]}}],"collection":[{"href":"https:\/\/www.wilmetgroup.be\/fr\/wp-json\/wp\/v2\/pages"}],"about":[{"href":"https:\/\/www.wilmetgroup.be\/fr\/wp-json\/wp\/v2\/types\/page"}],"author":[{"embeddable":true,"href":"https:\/\/www.wilmetgroup.be\/fr\/wp-json\/wp\/v2\/users\/1"}],"replies":[{"embeddable":true,"href":"https:\/\/www.wilmetgroup.be\/fr\/wp-json\/wp\/v2\/comments?post=50"}],"version-history":[{"count":15,"href":"https:\/\/www.wilmetgroup.be\/fr\/wp-json\/wp\/v2\/pages\/50\/revisions"}],"predecessor-version":[{"id":3064,"href":"https:\/\/www.wilmetgroup.be\/fr\/wp-json\/wp\/v2\/pages\/50\/revisions\/3064"}],"up":[{"embeddable":true,"href":"https:\/\/www.wilmetgroup.be\/fr\/wp-json\/wp\/v2\/pages\/42"}],"wp:featuredmedia":[{"embeddable":true,"href":"https:\/\/www.wilmetgroup.be\/fr\/wp-json\/wp\/v2\/media\/76"}],"wp:attachment":[{"href":"https:\/\/www.wilmetgroup.be\/fr\/wp-json\/wp\/v2\/media?parent=50"}],"curies":[{"name":"wp","href":"https:\/\/api.w.org\/{rel}","templated":true}]}}